{"id":3140,"date":"2023-07-13T09:37:49","date_gmt":"2023-07-13T09:37:49","guid":{"rendered":"https:\/\/euronique.nl\/product\/aluminium-spiesse\/"},"modified":"2026-03-31T21:58:24","modified_gmt":"2026-03-31T19:58:24","slug":"aluminiumkeile","status":"publish","type":"product","link":"https:\/\/euronique.nl\/de\/produkt\/aluminiumkeile\/","title":{"rendered":"Aluminiumkeile"},"content":{"rendered":"<div>\n<p><span style=\"font-size: 1.7em; font-weight: bold;\">Angebot an Aluminiumkeilen<\/span><\/p>\n<\/div>\n<div>\n<div class=\"elementor-element elementor-element-77b09318 elementor-widget elementor-widget-jet-table\" data-id=\"77b09318\" data-element_type=\"widget\" data-widget_type=\"jet-table.default\">\n<div class=\"elementor-widget-container\">\n<div class=\"elementor-jet-table jet-elements\">\n<div class=\"jet-table-wrapper\">\n<table class=\"jet-table jet-table--fa5-compat\">\n<thead class=\"jet-table__head\">\n<tr class=\"jet-table__head-row\">\n<th class=\"jet-table__cell elementor-repeater-item-af3eadb jet-table__head-cell\" scope=\"col\">\n<div class=\"jet-table__cell-inner\">\n<div class=\"jet-table__cell-content\">\n<div class=\"jet-table__cell-text\">L\u00e4nge (mm)<\/div>\n<\/div>\n<\/div>\n<\/th>\n<th class=\"jet-table__cell elementor-repeater-item-cfe99fc jet-table__head-cell\" scope=\"col\">\n<div class=\"jet-table__cell-inner\">\n<div class=\"jet-table__cell-content\">\n<div class=\"jet-table__cell-text\">Breite (mm)<\/div>\n<\/div>\n<\/div>\n<\/th>\n<th class=\"jet-table__cell elementor-repeater-item-83efa7c jet-table__head-cell\" scope=\"col\">\n<div class=\"jet-table__cell-inner\">\n<div class=\"jet-table__cell-content\">\n<div class=\"jet-table__cell-text\">H\u00f6he (mm)<\/div>\n<\/div>\n<\/div>\n<\/th>\n<th class=\"jet-table__cell elementor-repeater-item-7fd69c1 jet-table__head-cell\" scope=\"col\">\n<div class=\"jet-table__cell-inner\">\n<div class=\"jet-table__cell-content\">\n<div class=\"jet-table__cell-text\">Artikelnummer<\/div>\n<\/div>\n<\/div>\n<\/th>\n<\/tr>\n<\/thead>\n<tbody class=\"jet-table__body\">\n<tr class=\"jet-table__body-row elementor-repeater-item-ba94e1e\">\n<td class=\"jet-table__cell elementor-repeater-item-d91f846 jet-table__body-cell\">\n<div class=\"jet-table__cell-inner\">\n<div class=\"jet-table__cell-content\">\n<div class=\"jet-table__cell-text\">80<\/div>\n<\/div>\n<\/div>\n<\/td>\n<td class=\"jet-table__cell elementor-repeater-item-66f6317 jet-table__body-cell\">\n<div class=\"jet-table__cell-inner\">\n<div class=\"jet-table__cell-content\">\n<div class=\"jet-table__cell-text\">20<\/div>\n<\/div>\n<\/div>\n<\/td>\n<td class=\"jet-table__cell elementor-repeater-item-1737ae2 jet-table__body-cell\">\n<div class=\"jet-table__cell-inner\">\n<div class=\"jet-table__cell-content\">\n<div class=\"jet-table__cell-text\">10<\/div>\n<\/div>\n<\/div>\n<\/td>\n<td class=\"jet-table__cell elementor-repeater-item-ac620b6 jet-table__body-cell\">\n<div class=\"jet-table__cell-inner\">\n<div class=\"jet-table__cell-content\">\n<div class=\"jet-table__cell-text\">580350<\/div>\n<\/div>\n<\/div>\n<\/td>\n<\/tr>\n<tr class=\"jet-table__body-row elementor-repeater-item-e73c3d2\">\n<td class=\"jet-table__cell elementor-repeater-item-6f685a2 jet-table__body-cell\">\n<div class=\"jet-table__cell-inner\">\n<div class=\"jet-table__cell-content\">\n<div class=\"jet-table__cell-text\">100<\/div>\n<\/div>\n<\/div>\n<\/td>\n<td class=\"jet-table__cell elementor-repeater-item-14c4985 jet-table__body-cell\">\n<div class=\"jet-table__cell-inner\">\n<div class=\"jet-table__cell-content\">\n<div class=\"jet-table__cell-text\">20<\/div>\n<\/div>\n<\/div>\n<\/td>\n<td class=\"jet-table__cell elementor-repeater-item-0a89398 jet-table__body-cell\">\n<div class=\"jet-table__cell-inner\">\n<div class=\"jet-table__cell-content\">\n<div class=\"jet-table__cell-text\">10<\/div>\n<\/div>\n<\/div>\n<\/td>\n<td class=\"jet-table__cell elementor-repeater-item-0e87d4c jet-table__body-cell\">\n<div class=\"jet-table__cell-inner\">\n<div class=\"jet-table__cell-content\">\n<div class=\"jet-table__cell-text\">580375<\/div>\n<\/div>\n<\/div>\n<\/td>\n<\/tr>\n<tr class=\"jet-table__body-row elementor-repeater-item-8b44142\">\n<td class=\"jet-table__cell elementor-repeater-item-ae40fc2 jet-table__body-cell\">\n<div class=\"jet-table__cell-inner\">\n<div class=\"jet-table__cell-content\">\n<div class=\"jet-table__cell-text\">150<\/div>\n<\/div>\n<\/div>\n<\/td>\n<td class=\"jet-table__cell elementor-repeater-item-b903625 jet-table__body-cell\">\n<div class=\"jet-table__cell-inner\">\n<div class=\"jet-table__cell-content\">\n<div class=\"jet-table__cell-text\">20<\/div>\n<\/div>\n<\/div>\n<\/td>\n<td class=\"jet-table__cell elementor-repeater-item-87335e7 jet-table__body-cell\">\n<div class=\"jet-table__cell-inner\">\n<div class=\"jet-table__cell-content\">\n<div class=\"jet-table__cell-text\">13<\/div>\n<\/div>\n<\/div>\n<\/td>\n<td class=\"jet-table__cell elementor-repeater-item-17009fb jet-table__body-cell\">\n<div class=\"jet-table__cell-inner\">\n<div class=\"jet-table__cell-content\">\n<div class=\"jet-table__cell-text\">580400<\/div>\n<\/div>\n<\/div>\n<\/td>\n<\/tr>\n<tr class=\"jet-table__body-row elementor-repeater-item-32ac710\">\n<td class=\"jet-table__cell elementor-repeater-item-672ff2b jet-table__body-cell\" colspan=\"2000\">\n<div class=\"jet-table__cell-content\">\n<div class=\"jet-table__cell-text\">Andere Abmessungen auf Anfrage m\u00f6glich: <u>info@euronique.nl<\/u><\/div>\n<\/div>\n<\/td>\n<\/tr>\n<\/tbody>\n<\/table>\n<\/div>\n<\/div>\n<\/div>\n<\/div>\n<\/div>\n<div>\n<p><strong>Aluminiumkeile (Setzkeile &amp; Montagekeile)<br \/>\n<\/strong>Unsere <b data-path-to-node=\"10,0\" data-index-in-node=\"5\">Aluminiumkeile<\/b> sind speziell f\u00fcr das genaue Setzen, Ausrichten und Sichern von Industrieanlagen und schweren Konstruktionen konzipiert. Im Gegensatz zu Einlegekeilen f\u00fcr Welle-Nabe-Verbindungen sind diese konischen Montagekeile f\u00fcr den manuellen Einsatz im Maschinenbau, Offshore und Schiffbau konzipiert. Die Materialeigenschaften von Aluminium machen sie zur idealen Wahl f\u00fcr korrosive Umgebungen.<\/p>\n<\/div>\n<div>\n<ul>\n<li>\n<p data-path-to-node=\"12,0,0\"><b data-path-to-node=\"12,0,0\" data-index-in-node=\"0\">Korrosionsbest\u00e4ndig:<\/b> resistent gegen Salzwasser und Witterungseinfl\u00fcsse.<\/p>\n<\/li>\n<li>\n<p data-path-to-node=\"12,1,0\"><b data-path-to-node=\"12,1,0\" data-index-in-node=\"0\">Nicht magnetisch:<\/b> Sicher f\u00fcr die Verwendung mit empfindlicher Elektronik.<\/p>\n<\/li>\n<li>\n<p data-path-to-node=\"12,2,0\"><b data-path-to-node=\"12,2,0\" data-index-in-node=\"0\">Leichtes Gewicht:<\/b> Hohes Handling bei der Montage vor Ort.<\/p>\n<\/li>\n<li>\n<p data-path-to-node=\"12,3,0\"><b data-path-to-node=\"12,3,0\" data-index-in-node=\"0\">Formstabil:<\/b> Exakter Konus f\u00fcr stabile Fixierung.<\/p>\n<\/li>\n<\/ul>\n<\/div>\n<div><\/div>\n<div>\n<p><strong>Wann sollten Sie einen Aluminiumkeil einem Stahl- oder Kunststoffkeil vorziehen?<br \/>\n<\/strong>Bei der Wahl des richtigen Ausrichtungsmaterials ist die Arbeitsumgebung entscheidend. Ein <b data-path-to-node=\"14\" data-index-in-node=\"85\">Montagekeil aus Aluminium<\/b> bietet ein optimales Gleichgewicht zwischen der St\u00e4rke von Stahl und der Flexibilit\u00e4t von Kunststoff.<br \/>\nAluminiumkeile werden aufgrund ihrer besonderen Eigenschaften h\u00e4ufig bei der <b data-path-to-node=\"15\" data-index-in-node=\"6\">Ausrichtung von Industriemaschinen<\/b> und im <b data-path-to-node=\"15\" data-index-in-node=\"44\">Schwerlastbau<\/b> eingesetzt:<\/p>\n<ul data-path-to-node=\"16\">\n<li>\n<p data-path-to-node=\"16,0,0\"><b data-path-to-node=\"16,0,0\" data-index-in-node=\"0\">Langlebigkeit:<\/b> W\u00e4hrend ein <a href=\"https:\/\/euronique.nl\/de\/produkt\/stahlspiesse-bestellen\/\">Stahlkeil<\/a> korrodieren und die Ausrichtung beeintr\u00e4chtigen kann, bleibt Aluminium auch unter feuchten oder maritimen Bedingungen stabil.<\/p>\n<\/li>\n<li>\n<p data-path-to-node=\"16,1,0\"><b data-path-to-node=\"16,1,0\" data-index-in-node=\"0\">Pr\u00e4zision:<\/b> Unverzichtbar bei der Installation von medizinischen Ger\u00e4ten, elektrischen Komponenten oder in High-Tech-Industrien, in denen Magnetfelder eine Rolle spielen.<\/p>\n<\/li>\n<li>\n<p data-path-to-node=\"16,2,0\"><b data-path-to-node=\"16,2,0\" data-index-in-node=\"0\">Arbeitsfreundlich:<\/b> F\u00fcr Monteure, die gro\u00dfe S\u00e4tze von <b data-path-to-node=\"16,2,0\" data-index-in-node=\"47\">Setz- und Spreizkeilen<\/b> auf die Baustelle mitbringen, ist das geringe Eigengewicht von Aluminium ein gro\u00dfer Vorteil bei der Montage.<\/p>\n<\/li>\n<\/ul>\n<\/div>\n<div><\/div>\n<div>\n<p data-path-to-node=\"20\"><b data-path-to-node=\"20\" data-index-in-node=\"0\">Warum sich Profis f\u00fcr Aluminium entscheiden:<\/b><br \/>\nIm Offshore- und maritimen Bereich ist die Wahl von Aluminium oft technisch bedingt. W\u00e4hrend <a href=\"https:\/\/euronique.nl\/de\/produkt\/stahlspiesse-bestellen\/\">Stahlkeile<\/a> rosten k\u00f6nnen und damit die Ausrichtung im Laufe der Zeit beeintr\u00e4chtigen, bleibt ein Aluminiumkeil stabil und korrosionsfrei. Au\u00dferdem ist das Material nicht magnetisch, was bei der Einrichtung bestimmter Prozessanlagen oder medizinischer Ger\u00e4te entscheidend ist.<\/p>\n<p data-path-to-node=\"21\"><b data-path-to-node=\"21\" data-index-in-node=\"0\">Anwendungsgebiete:<\/b><\/p>\n<ul data-path-to-node=\"22\">\n<li>\n<p data-path-to-node=\"22,0,0\"><b data-path-to-node=\"22,0,0\" data-index-in-node=\"0\">Maschinenbau:<\/b> Zum Nivellieren von Maschinenparks auf einem Fundament.<\/p>\n<\/li>\n<li>\n<p data-path-to-node=\"22,1,0\"><b data-path-to-node=\"22,1,0\" data-index-in-node=\"0\">Schiffbau:<\/b> korrosionsbest\u00e4ndige Ausrichtung von Decksh\u00e4usern und Maschinenraumkomponenten.<\/p>\n<\/li>\n<li>\n<p data-path-to-node=\"22,2,0\"><b data-path-to-node=\"22,2,0\" data-index-in-node=\"0\">Flanschmanagement:<\/b> Als Spreizkeil zum kontrollierten \u00d6ffnen von Flanschen bei Wartungsarbeiten.<\/p>\n<\/li>\n<\/ul>\n<p data-path-to-node=\"25\"><b data-path-to-node=\"25\" data-index-in-node=\"0\">Gro\u00dfeinkauf und Personalisierung<\/b><br \/>\nAls Spezialist liefert Euronique direkt aus dem eigenen Lager an technische Gro\u00dfh\u00e4ndler und Endverbraucher.<\/p>\n<ul data-path-to-node=\"26\">\n<li>\n<p data-path-to-node=\"26,0,0\"><b data-path-to-node=\"26,0,0\" data-index-in-node=\"0\">Schnelle Lieferung:<\/b> Lagerartikel werden sofort versandt.<\/p>\n<\/li>\n<li>\n<p data-path-to-node=\"26,1,0\"><b data-path-to-node=\"26,1,0\" data-index-in-node=\"0\">Ma\u00dfanfertigung:<\/b> Ben\u00f6tigen Sie einen bestimmten Neigungswinkel oder andere Abmessungen? Wir produzieren Aluminiumkeile nach Ihren W\u00fcnschen.<\/p>\n<\/li>\n<li>\n<p data-path-to-node=\"26,2,0\"><b data-path-to-node=\"26,2,0\" data-index-in-node=\"0\">Kostenvoranschlag:<\/b> F\u00fcr gr\u00f6\u00dfere Mengen (Bulk) erstellen wir Ihnen gerne ein passendes Angebot.<\/p>\n<\/li>\n<\/ul>\n<p><strong>H\u00e4ufig gestellte Fragen \u00fcber Industriekeile (FAQ)<br \/>\n<\/strong><\/p>\n<p data-path-to-node=\"22\"><b data-path-to-node=\"22\" data-index-in-node=\"0\">Was ist die Funktion eines Aluminiumkeils bei der Montage?<\/b> <a href=\"https:\/\/nl.wikipedia.org\/wiki\/Wig_(gereedschap)\">Ein Keil<\/a> (auch Keil oder Justierkeil genannt) ist ein mechanisches Werkzeug mit einer geneigten Oberfl\u00e4che. Indem der Keil zwischen zwei Objekte getrieben wird, wird eine horizontale Kraft in einen sehr pr\u00e4zisen vertikalen Hub umgewandelt. So lassen sich Maschinen millimetergenau ausrichten.<\/p>\n<p data-path-to-node=\"23\"><b data-path-to-node=\"23\" data-index-in-node=\"0\">Was ist der Unterschied zwischen einem Schl\u00fcssel und einem Keil?<\/b> Im allgemeinen Sprachgebrauch werden diese Begriffe oft synonym verwendet. Technisch gesehen ist ein <i data-path-to-node=\"23\" data-index-in-node=\"134\">Einlegekeil<\/i> (DIN 6885) f\u00fcr eine feste Welle-Nabe-Verbindung vorgesehen. Die Produkte von Euronique sind <b data-path-to-node=\"23\" data-index-in-node=\"229\">konische Keile<\/b> (auch <b data-path-to-node=\"23\" data-index-in-node=\"261\">Justierkeile<\/b> genannt), die f\u00fcr die vor\u00fcbergehende oder dauerhafte Befestigung, Spreizung und Ausrichtung von losen Teilen bestimmt sind.<\/p>\n<p data-path-to-node=\"24\"><b data-path-to-node=\"24\" data-index-in-node=\"0\">Sind Aluminiumkeile wiederverwendbar?<\/b> Ja, unsere Montagekeile aus Aluminium sind aus hochwertigen Legierungen gefertigt, die Druckbelastungen standhalten, ohne sich sofort zu verformen, so dass sie bei \u00dcberholungsarbeiten wiederholt eingesetzt werden k\u00f6nnen.<\/p>\n<\/div>\n","protected":false},"excerpt":{"rendered":"<p>Verschiedene Abmessungen \u00fcber das untenstehende Dropdown-Men\u00fc ausw\u00e4hlbar.<\/p>\n","protected":false},"featured_media":3142,"template":"","meta":{"site-sidebar-layout":"default","site-content-layout":"default","ast-site-content-layout":"default","site-content-style":"default","site-sidebar-style":"default","ast-global-header-display":"","ast-banner-title-visibility":"","ast-main-header-display":"","ast-hfb-above-header-display":"","ast-hfb-below-header-display":"","ast-hfb-mobile-header-display":"","site-post-title":"","ast-breadcrumbs-content":"","ast-featured-img":"","footer-sml-layout":"","ast-disable-related-posts":"","theme-transparent-header-meta":"default","adv-header-id-meta":"","stick-header-meta":"","header-above-stick-meta":"","header-main-stick-meta":"","header-below-stick-meta":"","astra-migrate-meta-layouts":"set","ast-page-background-enabled":"default","ast-page-background-meta":{"desktop":{"background-color":"var(--ast-global-color-4)","background-image":"","background-repeat":"repeat","background-position":"center center","background-size":"auto","background-attachment":"scroll","background-type":"","background-media":"","overlay-type":"","overlay-color":"","overlay-opacity":"","overlay-gradient":""},"tablet":{"background-color":"","background-image":"","background-repeat":"repeat","background-position":"center center","background-size":"auto","background-attachment":"scroll","background-type":"","background-media":"","overlay-type":"","overlay-color":"","overlay-opacity":"","overlay-gradient":""},"mobile":{"background-color":"","background-image":"","background-repeat":"repeat","background-position":"center center","background-size":"auto","background-attachment":"scroll","background-type":"","background-media":"","overlay-type":"","overlay-color":"","overlay-opacity":"","overlay-gradient":""}},"ast-content-background-meta":{"desktop":{"background-color":"var(--ast-global-color-5)","background-image":"","background-repeat":"repeat","background-position":"center center","background-size":"auto","background-attachment":"scroll","background-type":"","background-media":"","overlay-type":"","overlay-color":"","overlay-opacity":"","overlay-gradient":""},"tablet":{"background-color":"var(--ast-global-color-5)","background-image":"","background-repeat":"repeat","background-position":"center center","background-size":"auto","background-attachment":"scroll","background-type":"","background-media":"","overlay-type":"","overlay-color":"","overlay-opacity":"","overlay-gradient":""},"mobile":{"background-color":"var(--ast-global-color-5)","background-image":"","background-repeat":"repeat","background-position":"center center","background-size":"auto","background-attachment":"scroll","background-type":"","background-media":"","overlay-type":"","overlay-color":"","overlay-opacity":"","overlay-gradient":""}}},"product_brand":[],"product_cat":[82],"product_tag":[84],"class_list":{"0":"post-3140","1":"product","2":"type-product","3":"status-publish","4":"has-post-thumbnail","6":"product_cat-keile","7":"product_tag-aluminium","8":"product_shipping_class-gewicht","9":"desktop-align-left","10":"tablet-align-left","11":"mobile-align-left","13":"first","14":"instock","15":"taxable","16":"shipping-taxable","17":"purchasable","18":"product-type-variable"},"yoast_head":"<!-- This site is optimized with the Yoast SEO plugin v27.4 - https:\/\/yoast.com\/product\/yoast-seo-wordpress\/ -->\n<title>Aluminiumkeile f\u00fcr Montage &amp; Industrie | Euronique<\/title>\n<meta name=\"description\" content=\"Hochwertige Aluminiumkeile zum pr\u00e4zisen Ausrichten &amp; Setzen. Korrosionsbest\u00e4ndig, leicht &amp; nicht magnetisch. Direkt ab Lager lieferbar bei Euronique!\" \/>\n<meta name=\"robots\" content=\"index, follow, max-snippet:-1, max-image-preview:large, max-video-preview:-1\" \/>\n<link rel=\"canonical\" href=\"https:\/\/euronique.nl\/de\/produkt\/aluminiumkeile\/\" \/>\n<meta property=\"og:locale\" content=\"de_DE\" \/>\n<meta property=\"og:type\" content=\"article\" \/>\n<meta property=\"og:title\" content=\"Aluminiumkeile f\u00fcr Montage &amp; Industrie | Euronique\" \/>\n<meta property=\"og:description\" content=\"Hochwertige Aluminiumkeile zum pr\u00e4zisen Ausrichten &amp; Setzen. Korrosionsbest\u00e4ndig, leicht &amp; nicht magnetisch. Direkt ab Lager lieferbar bei Euronique!\" \/>\n<meta property=\"og:url\" content=\"https:\/\/euronique.nl\/de\/produkt\/aluminiumkeile\/\" \/>\n<meta property=\"og:site_name\" content=\"Euronique\" \/>\n<meta property=\"article:modified_time\" content=\"2026-03-31T19:58:24+00:00\" \/>\n<meta property=\"og:image\" content=\"https:\/\/euronique.nl\/wp-content\/uploads\/2023\/07\/Aluminium-spieen.png\" \/>\n\t<meta property=\"og:image:width\" content=\"900\" \/>\n\t<meta property=\"og:image:height\" content=\"900\" \/>\n\t<meta property=\"og:image:type\" content=\"image\/png\" \/>\n<meta name=\"twitter:card\" content=\"summary_large_image\" \/>\n<meta name=\"twitter:label1\" content=\"Gesch\u00e4tzte Lesezeit\" \/>\n\t<meta name=\"twitter:data1\" content=\"3\u00a0Minuten\" \/>\n<script type=\"application\/ld+json\" class=\"yoast-schema-graph\">{\"@context\":\"https:\\\/\\\/schema.org\",\"@graph\":[{\"@type\":\"WebPage\",\"@id\":\"https:\\\/\\\/euronique.nl\\\/de\\\/produkt\\\/aluminiumkeile\\\/\",\"url\":\"https:\\\/\\\/euronique.nl\\\/de\\\/produkt\\\/aluminiumkeile\\\/\",\"name\":\"Aluminiumkeile f\u00fcr Montage & Industrie | Euronique\",\"isPartOf\":{\"@id\":\"https:\\\/\\\/euronique.nl\\\/de\\\/#website\"},\"primaryImageOfPage\":{\"@id\":\"https:\\\/\\\/euronique.nl\\\/de\\\/produkt\\\/aluminiumkeile\\\/#primaryimage\"},\"image\":{\"@id\":\"https:\\\/\\\/euronique.nl\\\/de\\\/produkt\\\/aluminiumkeile\\\/#primaryimage\"},\"thumbnailUrl\":\"https:\\\/\\\/euronique.nl\\\/wp-content\\\/uploads\\\/2023\\\/07\\\/Aluminium-spieen.png\",\"datePublished\":\"2023-07-13T09:37:49+00:00\",\"dateModified\":\"2026-03-31T19:58:24+00:00\",\"description\":\"Hochwertige Aluminiumkeile zum pr\u00e4zisen Ausrichten & Setzen. Korrosionsbest\u00e4ndig, leicht & nicht magnetisch. Direkt ab Lager lieferbar bei Euronique!\",\"breadcrumb\":{\"@id\":\"https:\\\/\\\/euronique.nl\\\/de\\\/produkt\\\/aluminiumkeile\\\/#breadcrumb\"},\"inLanguage\":\"de\",\"potentialAction\":[{\"@type\":\"ReadAction\",\"target\":[\"https:\\\/\\\/euronique.nl\\\/de\\\/produkt\\\/aluminiumkeile\\\/\"]}]},{\"@type\":\"ImageObject\",\"inLanguage\":\"de\",\"@id\":\"https:\\\/\\\/euronique.nl\\\/de\\\/produkt\\\/aluminiumkeile\\\/#primaryimage\",\"url\":\"https:\\\/\\\/euronique.nl\\\/wp-content\\\/uploads\\\/2023\\\/07\\\/Aluminium-spieen.png\",\"contentUrl\":\"https:\\\/\\\/euronique.nl\\\/wp-content\\\/uploads\\\/2023\\\/07\\\/Aluminium-spieen.png\",\"width\":900,\"height\":900,\"caption\":\"Aluminium Keile Verstellkeil\"},{\"@type\":\"BreadcrumbList\",\"@id\":\"https:\\\/\\\/euronique.nl\\\/de\\\/produkt\\\/aluminiumkeile\\\/#breadcrumb\",\"itemListElement\":[{\"@type\":\"ListItem\",\"position\":1,\"name\":\"Startseite\",\"item\":\"https:\\\/\\\/euronique.nl\\\/de\\\/\"},{\"@type\":\"ListItem\",\"position\":2,\"name\":\"Shop\",\"item\":\"https:\\\/\\\/euronique.nl\\\/de\\\/shop\\\/\"},{\"@type\":\"ListItem\",\"position\":3,\"name\":\"Aluminiumkeile\"}]},{\"@type\":\"WebSite\",\"@id\":\"https:\\\/\\\/euronique.nl\\\/de\\\/#website\",\"url\":\"https:\\\/\\\/euronique.nl\\\/de\\\/\",\"name\":\"Euronique\",\"description\":\"Fabrikant en verkoop spie\u00ebn, keggen en wiggen\",\"publisher\":{\"@id\":\"https:\\\/\\\/euronique.nl\\\/de\\\/#organization\"},\"potentialAction\":[{\"@type\":\"SearchAction\",\"target\":{\"@type\":\"EntryPoint\",\"urlTemplate\":\"https:\\\/\\\/euronique.nl\\\/de\\\/?s={search_term_string}\"},\"query-input\":{\"@type\":\"PropertyValueSpecification\",\"valueRequired\":true,\"valueName\":\"search_term_string\"}}],\"inLanguage\":\"de\"},{\"@type\":\"Organization\",\"@id\":\"https:\\\/\\\/euronique.nl\\\/de\\\/#organization\",\"name\":\"Euronique\",\"url\":\"https:\\\/\\\/euronique.nl\\\/de\\\/\",\"logo\":{\"@type\":\"ImageObject\",\"inLanguage\":\"de\",\"@id\":\"https:\\\/\\\/euronique.nl\\\/de\\\/#\\\/schema\\\/logo\\\/image\\\/\",\"url\":\"https:\\\/\\\/euronique.nl\\\/wp-content\\\/uploads\\\/2022\\\/05\\\/euronique_logo-768x314-1.png\",\"contentUrl\":\"https:\\\/\\\/euronique.nl\\\/wp-content\\\/uploads\\\/2022\\\/05\\\/euronique_logo-768x314-1.png\",\"width\":768,\"height\":314,\"caption\":\"Euronique\"},\"image\":{\"@id\":\"https:\\\/\\\/euronique.nl\\\/de\\\/#\\\/schema\\\/logo\\\/image\\\/\"}}]}<\/script>\n<!-- \/ Yoast SEO plugin. -->","yoast_head_json":{"title":"Aluminiumkeile f\u00fcr Montage & Industrie | Euronique","description":"Hochwertige Aluminiumkeile zum pr\u00e4zisen Ausrichten & Setzen. Korrosionsbest\u00e4ndig, leicht & nicht magnetisch. Direkt ab Lager lieferbar bei Euronique!","robots":{"index":"index","follow":"follow","max-snippet":"max-snippet:-1","max-image-preview":"max-image-preview:large","max-video-preview":"max-video-preview:-1"},"canonical":"https:\/\/euronique.nl\/de\/produkt\/aluminiumkeile\/","og_locale":"de_DE","og_type":"article","og_title":"Aluminiumkeile f\u00fcr Montage & Industrie | Euronique","og_description":"Hochwertige Aluminiumkeile zum pr\u00e4zisen Ausrichten & Setzen. Korrosionsbest\u00e4ndig, leicht & nicht magnetisch. Direkt ab Lager lieferbar bei Euronique!","og_url":"https:\/\/euronique.nl\/de\/produkt\/aluminiumkeile\/","og_site_name":"Euronique","article_modified_time":"2026-03-31T19:58:24+00:00","og_image":[{"width":900,"height":900,"url":"https:\/\/euronique.nl\/wp-content\/uploads\/2023\/07\/Aluminium-spieen.png","type":"image\/png"}],"twitter_card":"summary_large_image","twitter_misc":{"Gesch\u00e4tzte Lesezeit":"3\u00a0Minuten"},"schema":{"@context":"https:\/\/schema.org","@graph":[{"@type":"WebPage","@id":"https:\/\/euronique.nl\/de\/produkt\/aluminiumkeile\/","url":"https:\/\/euronique.nl\/de\/produkt\/aluminiumkeile\/","name":"Aluminiumkeile f\u00fcr Montage & Industrie | Euronique","isPartOf":{"@id":"https:\/\/euronique.nl\/de\/#website"},"primaryImageOfPage":{"@id":"https:\/\/euronique.nl\/de\/produkt\/aluminiumkeile\/#primaryimage"},"image":{"@id":"https:\/\/euronique.nl\/de\/produkt\/aluminiumkeile\/#primaryimage"},"thumbnailUrl":"https:\/\/euronique.nl\/wp-content\/uploads\/2023\/07\/Aluminium-spieen.png","datePublished":"2023-07-13T09:37:49+00:00","dateModified":"2026-03-31T19:58:24+00:00","description":"Hochwertige Aluminiumkeile zum pr\u00e4zisen Ausrichten & Setzen. Korrosionsbest\u00e4ndig, leicht & nicht magnetisch. Direkt ab Lager lieferbar bei Euronique!","breadcrumb":{"@id":"https:\/\/euronique.nl\/de\/produkt\/aluminiumkeile\/#breadcrumb"},"inLanguage":"de","potentialAction":[{"@type":"ReadAction","target":["https:\/\/euronique.nl\/de\/produkt\/aluminiumkeile\/"]}]},{"@type":"ImageObject","inLanguage":"de","@id":"https:\/\/euronique.nl\/de\/produkt\/aluminiumkeile\/#primaryimage","url":"https:\/\/euronique.nl\/wp-content\/uploads\/2023\/07\/Aluminium-spieen.png","contentUrl":"https:\/\/euronique.nl\/wp-content\/uploads\/2023\/07\/Aluminium-spieen.png","width":900,"height":900,"caption":"Aluminium Keile Verstellkeil"},{"@type":"BreadcrumbList","@id":"https:\/\/euronique.nl\/de\/produkt\/aluminiumkeile\/#breadcrumb","itemListElement":[{"@type":"ListItem","position":1,"name":"Startseite","item":"https:\/\/euronique.nl\/de\/"},{"@type":"ListItem","position":2,"name":"Shop","item":"https:\/\/euronique.nl\/de\/shop\/"},{"@type":"ListItem","position":3,"name":"Aluminiumkeile"}]},{"@type":"WebSite","@id":"https:\/\/euronique.nl\/de\/#website","url":"https:\/\/euronique.nl\/de\/","name":"Euronique","description":"Fabrikant en verkoop spie\u00ebn, keggen en wiggen","publisher":{"@id":"https:\/\/euronique.nl\/de\/#organization"},"potentialAction":[{"@type":"SearchAction","target":{"@type":"EntryPoint","urlTemplate":"https:\/\/euronique.nl\/de\/?s={search_term_string}"},"query-input":{"@type":"PropertyValueSpecification","valueRequired":true,"valueName":"search_term_string"}}],"inLanguage":"de"},{"@type":"Organization","@id":"https:\/\/euronique.nl\/de\/#organization","name":"Euronique","url":"https:\/\/euronique.nl\/de\/","logo":{"@type":"ImageObject","inLanguage":"de","@id":"https:\/\/euronique.nl\/de\/#\/schema\/logo\/image\/","url":"https:\/\/euronique.nl\/wp-content\/uploads\/2022\/05\/euronique_logo-768x314-1.png","contentUrl":"https:\/\/euronique.nl\/wp-content\/uploads\/2022\/05\/euronique_logo-768x314-1.png","width":768,"height":314,"caption":"Euronique"},"image":{"@id":"https:\/\/euronique.nl\/de\/#\/schema\/logo\/image\/"}}]}},"_links":{"self":[{"href":"https:\/\/euronique.nl\/de\/wp-json\/wp\/v2\/product\/3140","targetHints":{"allow":["GET"]}}],"collection":[{"href":"https:\/\/euronique.nl\/de\/wp-json\/wp\/v2\/product"}],"about":[{"href":"https:\/\/euronique.nl\/de\/wp-json\/wp\/v2\/types\/product"}],"wp:featuredmedia":[{"embeddable":true,"href":"https:\/\/euronique.nl\/de\/wp-json\/wp\/v2\/media\/3142"}],"wp:attachment":[{"href":"https:\/\/euronique.nl\/de\/wp-json\/wp\/v2\/media?parent=3140"}],"wp:term":[{"taxonomy":"product_brand","embeddable":true,"href":"https:\/\/euronique.nl\/de\/wp-json\/wp\/v2\/product_brand?post=3140"},{"taxonomy":"product_cat","embeddable":true,"href":"https:\/\/euronique.nl\/de\/wp-json\/wp\/v2\/product_cat?post=3140"},{"taxonomy":"product_tag","embeddable":true,"href":"https:\/\/euronique.nl\/de\/wp-json\/wp\/v2\/product_tag?post=3140"}],"curies":[{"name":"wp","href":"https:\/\/api.w.org\/{rel}","templated":true}]}}