{"id":3284,"date":"2022-09-14T14:16:16","date_gmt":"2022-09-14T14:16:16","guid":{"rendered":"https:\/\/euronique.nl\/product\/kopspiess-bestellen\/"},"modified":"2026-03-26T17:07:10","modified_gmt":"2026-03-26T16:07:10","slug":"kopspiess-bestellen","status":"publish","type":"product","link":"https:\/\/euronique.nl\/de\/produkt\/kopspiess-bestellen\/","title":{"rendered":"Keil mit schlagendem Kopf"},"content":{"rendered":"<div class=\"elementor-element elementor-element-c59acb2 elementor-widget elementor-widget-heading\" data-id=\"c59acb2\" data-element_type=\"widget\" data-widget_type=\"heading.default\">\n<div class=\"elementor-widget-container\">\n<h2 class=\"elementor-heading-title elementor-size-default\">Verschiedene Gr\u00f6\u00dfen von Keilen mit Schlagkopf<\/h2>\n<\/div>\n<\/div>\n<div class=\"elementor-element elementor-element-65afea48 elementor-widget elementor-widget-jet-table\" data-id=\"65afea48\" data-element_type=\"widget\" data-widget_type=\"jet-table.default\">\n<div class=\"elementor-widget-container\">\n<div class=\"elementor-jet-table jet-elements\">\n<div class=\"jet-table-wrapper\">\n<table class=\"jet-table jet-table--fa5-compat\">\n<thead class=\"jet-table__head\">\n<tr class=\"jet-table__head-row\">\n<th class=\"jet-table__cell elementor-repeater-item-af3eadb jet-table__head-cell\" scope=\"col\">\n<div class=\"jet-table__cell-inner\">\n<div class=\"jet-table__cell-content\">\n<div class=\"jet-table__cell-text\">L\u00e4nge (mm)<\/div>\n<\/div>\n<\/div>\n<\/th>\n<th class=\"jet-table__cell elementor-repeater-item-cfe99fc jet-table__head-cell\" scope=\"col\">\n<div class=\"jet-table__cell-inner\">\n<div class=\"jet-table__cell-content\">\n<div class=\"jet-table__cell-text\">Breite (mm)<\/div>\n<\/div>\n<\/div>\n<\/th>\n<th class=\"jet-table__cell elementor-repeater-item-83efa7c jet-table__head-cell\" scope=\"col\">\n<div class=\"jet-table__cell-inner\">\n<div class=\"jet-table__cell-content\">\n<div class=\"jet-table__cell-text\">H\u00f6he (mm)<\/div>\n<\/div>\n<\/div>\n<\/th>\n<th class=\"jet-table__cell elementor-repeater-item-7fd69c1 jet-table__head-cell\" scope=\"col\">\n<div class=\"jet-table__cell-inner\">\n<div class=\"jet-table__cell-content\">\n<div class=\"jet-table__cell-text\">Artikelnummer<\/div>\n<\/div>\n<\/div>\n<\/th>\n<\/tr>\n<\/thead>\n<tbody class=\"jet-table__body\">\n<tr class=\"jet-table__body-row elementor-repeater-item-ba94e1e\">\n<td class=\"jet-table__cell elementor-repeater-item-f02c772 jet-table__body-cell\">\n<div class=\"jet-table__cell-inner\">\n<div class=\"jet-table__cell-content\">\n<div class=\"jet-table__cell-text\">220<\/div>\n<\/div>\n<\/div>\n<\/td>\n<td class=\"jet-table__cell elementor-repeater-item-66f6317 jet-table__body-cell\">\n<div class=\"jet-table__cell-inner\">\n<div class=\"jet-table__cell-content\">\n<div class=\"jet-table__cell-text\">30<\/div>\n<\/div>\n<\/div>\n<\/td>\n<td class=\"jet-table__cell elementor-repeater-item-1737ae2 jet-table__body-cell\">\n<div class=\"jet-table__cell-inner\">\n<div class=\"jet-table__cell-content\">\n<div class=\"jet-table__cell-text\">30<\/div>\n<\/div>\n<\/div>\n<\/td>\n<td class=\"jet-table__cell elementor-repeater-item-ac620b6 jet-table__body-cell\">\n<div class=\"jet-table__cell-inner\">\n<div class=\"jet-table__cell-content\">\n<div class=\"jet-table__cell-text\">580220<\/div>\n<\/div>\n<\/div>\n<\/td>\n<\/tr>\n<tr class=\"jet-table__body-row elementor-repeater-item-e73c3d2\">\n<td class=\"jet-table__cell elementor-repeater-item-6f685a2 jet-table__body-cell\">\n<div class=\"jet-table__cell-inner\">\n<div class=\"jet-table__cell-content\">\n<div class=\"jet-table__cell-text\">250<\/div>\n<\/div>\n<\/div>\n<\/td>\n<td class=\"jet-table__cell elementor-repeater-item-14c4985 jet-table__body-cell\">\n<div class=\"jet-table__cell-inner\">\n<div class=\"jet-table__cell-content\">\n<div class=\"jet-table__cell-text\">30<\/div>\n<\/div>\n<\/div>\n<\/td>\n<td class=\"jet-table__cell elementor-repeater-item-0a89398 jet-table__body-cell\">\n<div class=\"jet-table__cell-inner\">\n<div class=\"jet-table__cell-content\">\n<div class=\"jet-table__cell-text\">30<\/div>\n<\/div>\n<\/div>\n<\/td>\n<td class=\"jet-table__cell elementor-repeater-item-0e87d4c jet-table__body-cell\">\n<div class=\"jet-table__cell-inner\">\n<div class=\"jet-table__cell-content\">\n<div class=\"jet-table__cell-text\">580253<\/div>\n<\/div>\n<\/div>\n<\/td>\n<\/tr>\n<tr class=\"jet-table__body-row elementor-repeater-item-593b2f8\">\n<td class=\"jet-table__cell elementor-repeater-item-dea1b1a jet-table__body-cell\">\n<div class=\"jet-table__cell-inner\">\n<div class=\"jet-table__cell-content\">\n<div class=\"jet-table__cell-text\">250<\/div>\n<\/div>\n<\/div>\n<\/td>\n<td class=\"jet-table__cell elementor-repeater-item-1314b05 jet-table__body-cell\">\n<div class=\"jet-table__cell-inner\">\n<div class=\"jet-table__cell-content\">\n<div class=\"jet-table__cell-text\">40<\/div>\n<\/div>\n<\/div>\n<\/td>\n<td class=\"jet-table__cell elementor-repeater-item-97d17b9 jet-table__body-cell\">\n<div class=\"jet-table__cell-inner\">\n<div class=\"jet-table__cell-content\">\n<div class=\"jet-table__cell-text\">40<\/div>\n<\/div>\n<\/div>\n<\/td>\n<td class=\"jet-table__cell elementor-repeater-item-acce1a0 jet-table__body-cell\">\n<div class=\"jet-table__cell-inner\">\n<div class=\"jet-table__cell-content\">\n<div class=\"jet-table__cell-text\">580254<\/div>\n<\/div>\n<\/div>\n<\/td>\n<\/tr>\n<tr class=\"jet-table__body-row elementor-repeater-item-8b44142\">\n<td class=\"jet-table__cell elementor-repeater-item-d91f846 jet-table__body-cell\">\n<div class=\"jet-table__cell-inner\">\n<div class=\"jet-table__cell-content\">\n<div class=\"jet-table__cell-text\">250<\/div>\n<\/div>\n<\/div>\n<\/td>\n<td class=\"jet-table__cell elementor-repeater-item-db695ce jet-table__body-cell\">\n<div class=\"jet-table__cell-inner\">\n<div class=\"jet-table__cell-content\">\n<div class=\"jet-table__cell-text\">30<\/div>\n<\/div>\n<\/div>\n<\/td>\n<td class=\"jet-table__cell elementor-repeater-item-bc760ee jet-table__body-cell\">\n<div class=\"jet-table__cell-inner\">\n<div class=\"jet-table__cell-content\">\n<div class=\"jet-table__cell-text\">50<\/div>\n<\/div>\n<\/div>\n<\/td>\n<td class=\"jet-table__cell elementor-repeater-item-1565b7a jet-table__body-cell\">\n<div class=\"jet-table__cell-inner\">\n<div class=\"jet-table__cell-content\">\n<div class=\"jet-table__cell-text\">580255<\/div>\n<\/div>\n<\/div>\n<\/td>\n<\/tr>\n<tr class=\"jet-table__body-row elementor-repeater-item-1f06c33\">\n<td class=\"jet-table__cell elementor-repeater-item-672ff2b jet-table__body-cell\" colspan=\"2000\">\n<div class=\"jet-table__cell-content\">\n<div class=\"jet-table__cell-text\">Andere Abmessungen auf Anfrage m\u00f6glich: <u>info@euronique.nl<\/u><\/div>\n<\/div>\n<\/td>\n<\/tr>\n<\/tbody>\n<\/table>\n<p>&nbsp;<\/p>\n<\/div>\n<\/div>\n<\/div>\n<\/div>\n<h2>Keil mit Schlagkopf (auch bekannt als Kopfkeil)<\/h2>\n<p>Ein Einstellkeil mit Schlagkopf ist ein geschmiedetes Werkzeug f\u00fcr schwere Arbeiten. In der Praxis wird dieses Produkt oft als &#8218;Kopfkeil&#8216; bezeichnet. Wichtig zu wissen: Es handelt sich nicht um ein Maschinenteil f\u00fcr Welle-Nabe-Verbindungen, sondern um ein robustes Werkzeug zum Einstellen, Ausrichten und Fixieren schwerer Konstruktionen und Maschinen.  <\/p>\n<h2>Wann w\u00e4hlen Sie einen Stellkeil mit Schlagkopf?<\/h2>\n<p data-path-to-node=\"5\">Dank seiner geschmiedeten Konstruktion h\u00e4lt dieser Keil auch schweren Arbeiten stand. Der Kopf ist so konzipiert, dass er die Schl\u00e4ge eines Vorschlaghammers direkt auff\u00e4ngt. Daher verformt sich der Keil selbst beim Aufprall nicht. Dies bietet zwei unmittelbare Vorteile:   <\/p>\n<ol start=\"1\" data-path-to-node=\"6\">\n<li>\n<p data-path-to-node=\"6,0,0\"><b data-path-to-node=\"6,0,0\" data-index-in-node=\"0\">Direkte Kraft\u00fcbertragung:<\/b> Sie schlagen den Keil in der exakten Position kontrolliert und mit der n\u00f6tigen Kraft ein.<\/p>\n<\/li>\n<li>\n<p data-path-to-node=\"5,1,0\"><b data-path-to-node=\"5,1,0\" data-index-in-node=\"0\">Gro\u00dfe Schlagfl\u00e4che:<\/b> Das Design des Kopfes bietet ein gr\u00f6\u00dferes Ziel und erleichtert pr\u00e4zise Schl\u00e4ge, auch an schwer zug\u00e4nglichen Stellen.<\/p>\n<\/li>\n<li>\n<p data-path-to-node=\"5,2,0\"><b data-path-to-node=\"5,2,0\" data-index-in-node=\"0\">Leicht zu entfernen:<\/b> Da der Kopf \u00fcber das Werkst\u00fcck hinausragt, k\u00f6nnen Sie den Keil nach der Arbeit leicht abschlagen oder mit einem Hebel entfernen.<\/p>\n<\/li>\n<li>\n<p data-path-to-node=\"6,1,0\"><b data-path-to-node=\"6,1,0\" data-index-in-node=\"0\">Wiederverwendbar:<\/b> Da der Keil seine Form beibeh\u00e4lt, ist er nach Gebrauch f\u00fcr die n\u00e4chste Arbeit wiederverwendbar.<\/p>\n<\/li>\n<\/ol>\n<h2>Die Anwendungsbereiche des Kopfkeils:<\/h2>\n<ul>\n<li>\n<p data-path-to-node=\"7,1,0,0\"><b data-path-to-node=\"5,0,0\" data-index-in-node=\"0\">Positionierung und Ausrichtung:<\/b> Pr\u00e4zise Positionierung und Ausrichtung von Motoren, Pumpen, Getrieben und anderen Maschinenteilen.<\/p>\n<\/li>\n<li>\n<p data-path-to-node=\"7,1,0,0\"><b data-path-to-node=\"5,1,0\" data-index-in-node=\"0\">Nivellierung:<\/b> Ausgleichen von H\u00f6henunterschieden oder Unebenheiten in Fundamenten oder B\u00f6den, um eine stabile Basis zu schaffen.<\/p>\n<\/li>\n<li>\n<p data-path-to-node=\"7,1,0,0\"><b data-path-to-node=\"5,2,0\" data-index-in-node=\"0\">Fixieren:<\/b> Vor\u00fcbergehendes Befestigen und Sichern schwerer Komponenten (wie Stahltr\u00e4ger oder Rahmen) w\u00e4hrend Schwei\u00df- oder Montagearbeiten.<\/p>\n<\/li>\n<li>\n<p data-path-to-node=\"7,1,0,0\"><b data-path-to-node=\"5,3,0\" data-index-in-node=\"0\">Trennen und Demontieren:<\/b> Das kontrollierte Auseinanderdr\u00fccken von Flanschen, Geh\u00e4usen oder anderen Verbindungen, die aufgrund von Rost oder Spannung festsitzen.<\/p>\n<\/li>\n<li>\n<p data-path-to-node=\"7,1,0,0\"><b data-path-to-node=\"5,4,0\" data-index-in-node=\"0\">H\u00f6henverstellung:<\/b> Das (vor\u00fcbergehende) Heben oder Setzen schwerer Lasten erfordert einen robusten Keil, der die St\u00f6\u00dfe abfedern kann.<\/p>\n<\/li>\n<\/ul>\n<h2>C45 Stahl oder geschmiedeter Stahl?<\/h2>\n<p data-path-to-node=\"4\">Um Ihnen die Wahl des richtigen Produkts f\u00fcr Ihre Anwendung zu erleichtern, bieten wir zwei hochwertige Versionen an:<\/p>\n<ul data-path-to-node=\"5\">\n<li>\n<p data-path-to-node=\"5,0,0\"><b data-path-to-node=\"5,0,0\" data-index-in-node=\"0\"><a href=\"https:\/\/euronique.nl\/de\/produkt\/stahlspiesse-bestellen\/\">Verstellkeil aus C45 Stahl (ges\u00e4gt)<\/a>:<\/b> Der zuverl\u00e4ssige Industriestandard. Dieser Typ eignet sich hervorragend f\u00fcr allgemeine Ausrichtungs- und Einstellarbeiten in der Werkstatt oder vor Ort. Er bietet ein ausgezeichnetes Gleichgewicht zwischen Preis, Qualit\u00e4t und Zuverl\u00e4ssigkeit f\u00fcr den t\u00e4glichen Gebrauch.  <\/p>\n<\/li>\n<li>\n<p data-path-to-node=\"5,1,0\"><b data-path-to-node=\"5,1,0\" data-index-in-node=\"0\">Geschmiedeter Stahl:<\/b> Die Wahl f\u00fcr extreme Belastungen. Durch den Schmiedeprozess bleibt die innere Faserstruktur des Stahls vollst\u00e4ndig intakt, was eine maximale Z\u00e4higkeit und Schlagfestigkeit gew\u00e4hrleistet. Dies ist die beste Wahl, wenn Sie mit schweren Vorschlagh\u00e4mmern arbeiten und eine maximale Lebensdauer des Materials unter extremen Bedingungen erforderlich ist.  <\/p>\n<\/li>\n<\/ul>\n<h2>Warum bei Euronique kaufen?<\/h2>\n<p data-path-to-node=\"9,0\">Als spezialisierter Webshop wissen wir, dass Maschinenausfallzeiten Geld kosten. Wir beliefern technische Gro\u00dfh\u00e4ndler und industrielle Endverbraucher mit: <\/p>\n<ul data-path-to-node=\"9,1\">\n<li>\n<p data-path-to-node=\"9,1,0,0\"><b data-path-to-node=\"9,1,0,0\" data-index-in-node=\"0\">Ma\u00dfhaltigkeit:<\/b> Unsere Keile entsprechen den Industrienormen.<\/p>\n<\/li>\n<li>\n<p data-path-to-node=\"9,1,1,0\"><b data-path-to-node=\"9,1,1,0\" data-index-in-node=\"0\">Schnelle Lieferung:<\/b> Lagerartikel werden direkt von unserem Lager versandt.<\/p>\n<\/li>\n<li>\n<p data-path-to-node=\"9,1,2,0\"><b data-path-to-node=\"9,1,2,0\" data-index-in-node=\"0\">Gro\u00dfmengen-Optionen:<\/b> Ben\u00f6tigen Sie f\u00fcr ein Projekt eine gr\u00f6\u00dfere Anzahl von Verstellkeilen? Kontaktieren Sie uns f\u00fcr ein ma\u00dfgeschneidertes Angebot. <\/p>\n<\/li>\n<\/ul>\n","protected":false},"excerpt":{"rendered":"<p>Verschiedene Abmessungen \u00fcber das untenstehende Dropdown-Men\u00fc ausw\u00e4hlbar.<\/p>\n","protected":false},"featured_media":3300,"template":"","meta":{"site-sidebar-layout":"default","site-content-layout":"default","ast-site-content-layout":"default","site-content-style":"default","site-sidebar-style":"default","ast-global-header-display":"","ast-banner-title-visibility":"","ast-main-header-display":"","ast-hfb-above-header-display":"","ast-hfb-below-header-display":"","ast-hfb-mobile-header-display":"","site-post-title":"","ast-breadcrumbs-content":"","ast-featured-img":"","footer-sml-layout":"","ast-disable-related-posts":"","theme-transparent-header-meta":"default","adv-header-id-meta":"","stick-header-meta":"","header-above-stick-meta":"","header-main-stick-meta":"","header-below-stick-meta":"","astra-migrate-meta-layouts":"default","ast-page-background-enabled":"default","ast-page-background-meta":{"desktop":{"background-color":"var(--ast-global-color-4)","background-image":"","background-repeat":"repeat","background-position":"center center","background-size":"auto","background-attachment":"scroll","background-type":"","background-media":"","overlay-type":"","overlay-color":"","overlay-opacity":"","overlay-gradient":""},"tablet":{"background-color":"","background-image":"","background-repeat":"repeat","background-position":"center center","background-size":"auto","background-attachment":"scroll","background-type":"","background-media":"","overlay-type":"","overlay-color":"","overlay-opacity":"","overlay-gradient":""},"mobile":{"background-color":"","background-image":"","background-repeat":"repeat","background-position":"center center","background-size":"auto","background-attachment":"scroll","background-type":"","background-media":"","overlay-type":"","overlay-color":"","overlay-opacity":"","overlay-gradient":""}},"ast-content-background-meta":{"desktop":{"background-color":"var(--ast-global-color-5)","background-image":"","background-repeat":"repeat","background-position":"center center","background-size":"auto","background-attachment":"scroll","background-type":"","background-media":"","overlay-type":"","overlay-color":"","overlay-opacity":"","overlay-gradient":""},"tablet":{"background-color":"var(--ast-global-color-5)","background-image":"","background-repeat":"repeat","background-position":"center center","background-size":"auto","background-attachment":"scroll","background-type":"","background-media":"","overlay-type":"","overlay-color":"","overlay-opacity":"","overlay-gradient":""},"mobile":{"background-color":"var(--ast-global-color-5)","background-image":"","background-repeat":"repeat","background-position":"center center","background-size":"auto","background-attachment":"scroll","background-type":"","background-media":"","overlay-type":"","overlay-color":"","overlay-opacity":"","overlay-gradient":""}}},"product_brand":[],"product_cat":[82],"product_tag":[94],"class_list":{"0":"post-3284","1":"product","2":"type-product","3":"status-publish","4":"has-post-thumbnail","6":"product_cat-keile","7":"product_tag-kopspiese","8":"product_shipping_class-gewicht","9":"desktop-align-left","10":"tablet-align-left","11":"mobile-align-left","13":"first","14":"instock","15":"taxable","16":"shipping-taxable","17":"purchasable","18":"product-type-variable"},"yoast_head":"<!-- This site is optimized with the Yoast SEO plugin v27.4 - https:\/\/yoast.com\/product\/yoast-seo-wordpress\/ -->\n<title>Keil mit Schlagkopf kaufen | Geschmiedeter Stahl | Euronique<\/title>\n<meta name=\"description\" content=\"Robuster, geschmiedeter Keil mit Schlagkopf (Kopfkeil) f\u00fcr schwere industrielle Anwendungen. Ausgezeichnete Kraft\u00fcbertragung und wiederverwendbar. Direkt verf\u00fcgbar!\" \/>\n<meta name=\"robots\" content=\"index, follow, max-snippet:-1, max-image-preview:large, max-video-preview:-1\" \/>\n<link rel=\"canonical\" href=\"https:\/\/euronique.nl\/de\/produkt\/kopspiess-bestellen\/\" \/>\n<meta property=\"og:locale\" content=\"de_DE\" \/>\n<meta property=\"og:type\" content=\"article\" \/>\n<meta property=\"og:title\" content=\"Keil mit Schlagkopf kaufen | Geschmiedeter Stahl | Euronique\" \/>\n<meta property=\"og:description\" content=\"Robuster, geschmiedeter Keil mit Schlagkopf (Kopfkeil) f\u00fcr schwere industrielle Anwendungen. Ausgezeichnete Kraft\u00fcbertragung und wiederverwendbar. Direkt verf\u00fcgbar!\" \/>\n<meta property=\"og:url\" content=\"https:\/\/euronique.nl\/de\/produkt\/kopspiess-bestellen\/\" \/>\n<meta property=\"og:site_name\" content=\"Euronique\" \/>\n<meta property=\"article:modified_time\" content=\"2026-03-26T16:07:10+00:00\" \/>\n<meta property=\"og:image\" content=\"https:\/\/euronique.nl\/wp-content\/uploads\/2022\/09\/Kopspie-900x900-1.png\" \/>\n\t<meta property=\"og:image:width\" content=\"900\" \/>\n\t<meta property=\"og:image:height\" content=\"900\" \/>\n\t<meta property=\"og:image:type\" content=\"image\/png\" \/>\n<meta name=\"twitter:card\" content=\"summary_large_image\" \/>\n<meta name=\"twitter:label1\" content=\"Gesch\u00e4tzte Lesezeit\" \/>\n\t<meta name=\"twitter:data1\" content=\"3\u00a0Minuten\" \/>\n<script type=\"application\/ld+json\" class=\"yoast-schema-graph\">{\"@context\":\"https:\\\/\\\/schema.org\",\"@graph\":[{\"@type\":\"WebPage\",\"@id\":\"https:\\\/\\\/euronique.nl\\\/de\\\/produkt\\\/kopspiess-bestellen\\\/\",\"url\":\"https:\\\/\\\/euronique.nl\\\/de\\\/produkt\\\/kopspiess-bestellen\\\/\",\"name\":\"Keil mit Schlagkopf kaufen | Geschmiedeter Stahl | Euronique\",\"isPartOf\":{\"@id\":\"https:\\\/\\\/euronique.nl\\\/de\\\/#website\"},\"primaryImageOfPage\":{\"@id\":\"https:\\\/\\\/euronique.nl\\\/de\\\/produkt\\\/kopspiess-bestellen\\\/#primaryimage\"},\"image\":{\"@id\":\"https:\\\/\\\/euronique.nl\\\/de\\\/produkt\\\/kopspiess-bestellen\\\/#primaryimage\"},\"thumbnailUrl\":\"https:\\\/\\\/euronique.nl\\\/wp-content\\\/uploads\\\/2022\\\/09\\\/Kopspie-900x900-1.png\",\"datePublished\":\"2022-09-14T14:16:16+00:00\",\"dateModified\":\"2026-03-26T16:07:10+00:00\",\"description\":\"Robuster, geschmiedeter Keil mit Schlagkopf (Kopfkeil) f\u00fcr schwere industrielle Anwendungen. Ausgezeichnete Kraft\u00fcbertragung und wiederverwendbar. Direkt verf\u00fcgbar!\",\"breadcrumb\":{\"@id\":\"https:\\\/\\\/euronique.nl\\\/de\\\/produkt\\\/kopspiess-bestellen\\\/#breadcrumb\"},\"inLanguage\":\"de\",\"potentialAction\":[{\"@type\":\"ReadAction\",\"target\":[\"https:\\\/\\\/euronique.nl\\\/de\\\/produkt\\\/kopspiess-bestellen\\\/\"]}]},{\"@type\":\"ImageObject\",\"inLanguage\":\"de\",\"@id\":\"https:\\\/\\\/euronique.nl\\\/de\\\/produkt\\\/kopspiess-bestellen\\\/#primaryimage\",\"url\":\"https:\\\/\\\/euronique.nl\\\/wp-content\\\/uploads\\\/2022\\\/09\\\/Kopspie-900x900-1.png\",\"contentUrl\":\"https:\\\/\\\/euronique.nl\\\/wp-content\\\/uploads\\\/2022\\\/09\\\/Kopspie-900x900-1.png\",\"width\":900,\"height\":900,\"caption\":\"Geschmiedeter Kopf Keilkopf Einstellkeilkopf\"},{\"@type\":\"BreadcrumbList\",\"@id\":\"https:\\\/\\\/euronique.nl\\\/de\\\/produkt\\\/kopspiess-bestellen\\\/#breadcrumb\",\"itemListElement\":[{\"@type\":\"ListItem\",\"position\":1,\"name\":\"Startseite\",\"item\":\"https:\\\/\\\/euronique.nl\\\/de\\\/\"},{\"@type\":\"ListItem\",\"position\":2,\"name\":\"Shop\",\"item\":\"https:\\\/\\\/euronique.nl\\\/de\\\/shop\\\/\"},{\"@type\":\"ListItem\",\"position\":3,\"name\":\"Keil mit schlagendem Kopf\"}]},{\"@type\":\"WebSite\",\"@id\":\"https:\\\/\\\/euronique.nl\\\/de\\\/#website\",\"url\":\"https:\\\/\\\/euronique.nl\\\/de\\\/\",\"name\":\"Euronique\",\"description\":\"Fabrikant en verkoop spie\u00ebn, keggen en wiggen\",\"publisher\":{\"@id\":\"https:\\\/\\\/euronique.nl\\\/de\\\/#organization\"},\"potentialAction\":[{\"@type\":\"SearchAction\",\"target\":{\"@type\":\"EntryPoint\",\"urlTemplate\":\"https:\\\/\\\/euronique.nl\\\/de\\\/?s={search_term_string}\"},\"query-input\":{\"@type\":\"PropertyValueSpecification\",\"valueRequired\":true,\"valueName\":\"search_term_string\"}}],\"inLanguage\":\"de\"},{\"@type\":\"Organization\",\"@id\":\"https:\\\/\\\/euronique.nl\\\/de\\\/#organization\",\"name\":\"Euronique\",\"url\":\"https:\\\/\\\/euronique.nl\\\/de\\\/\",\"logo\":{\"@type\":\"ImageObject\",\"inLanguage\":\"de\",\"@id\":\"https:\\\/\\\/euronique.nl\\\/de\\\/#\\\/schema\\\/logo\\\/image\\\/\",\"url\":\"https:\\\/\\\/euronique.nl\\\/wp-content\\\/uploads\\\/2022\\\/05\\\/euronique_logo-768x314-1.png\",\"contentUrl\":\"https:\\\/\\\/euronique.nl\\\/wp-content\\\/uploads\\\/2022\\\/05\\\/euronique_logo-768x314-1.png\",\"width\":768,\"height\":314,\"caption\":\"Euronique\"},\"image\":{\"@id\":\"https:\\\/\\\/euronique.nl\\\/de\\\/#\\\/schema\\\/logo\\\/image\\\/\"}}]}<\/script>\n<!-- \/ Yoast SEO plugin. -->","yoast_head_json":{"title":"Keil mit Schlagkopf kaufen | Geschmiedeter Stahl | Euronique","description":"Robuster, geschmiedeter Keil mit Schlagkopf (Kopfkeil) f\u00fcr schwere industrielle Anwendungen. Ausgezeichnete Kraft\u00fcbertragung und wiederverwendbar. Direkt verf\u00fcgbar!","robots":{"index":"index","follow":"follow","max-snippet":"max-snippet:-1","max-image-preview":"max-image-preview:large","max-video-preview":"max-video-preview:-1"},"canonical":"https:\/\/euronique.nl\/de\/produkt\/kopspiess-bestellen\/","og_locale":"de_DE","og_type":"article","og_title":"Keil mit Schlagkopf kaufen | Geschmiedeter Stahl | Euronique","og_description":"Robuster, geschmiedeter Keil mit Schlagkopf (Kopfkeil) f\u00fcr schwere industrielle Anwendungen. Ausgezeichnete Kraft\u00fcbertragung und wiederverwendbar. Direkt verf\u00fcgbar!","og_url":"https:\/\/euronique.nl\/de\/produkt\/kopspiess-bestellen\/","og_site_name":"Euronique","article_modified_time":"2026-03-26T16:07:10+00:00","og_image":[{"width":900,"height":900,"url":"https:\/\/euronique.nl\/wp-content\/uploads\/2022\/09\/Kopspie-900x900-1.png","type":"image\/png"}],"twitter_card":"summary_large_image","twitter_misc":{"Gesch\u00e4tzte Lesezeit":"3\u00a0Minuten"},"schema":{"@context":"https:\/\/schema.org","@graph":[{"@type":"WebPage","@id":"https:\/\/euronique.nl\/de\/produkt\/kopspiess-bestellen\/","url":"https:\/\/euronique.nl\/de\/produkt\/kopspiess-bestellen\/","name":"Keil mit Schlagkopf kaufen | Geschmiedeter Stahl | Euronique","isPartOf":{"@id":"https:\/\/euronique.nl\/de\/#website"},"primaryImageOfPage":{"@id":"https:\/\/euronique.nl\/de\/produkt\/kopspiess-bestellen\/#primaryimage"},"image":{"@id":"https:\/\/euronique.nl\/de\/produkt\/kopspiess-bestellen\/#primaryimage"},"thumbnailUrl":"https:\/\/euronique.nl\/wp-content\/uploads\/2022\/09\/Kopspie-900x900-1.png","datePublished":"2022-09-14T14:16:16+00:00","dateModified":"2026-03-26T16:07:10+00:00","description":"Robuster, geschmiedeter Keil mit Schlagkopf (Kopfkeil) f\u00fcr schwere industrielle Anwendungen. Ausgezeichnete Kraft\u00fcbertragung und wiederverwendbar. Direkt verf\u00fcgbar!","breadcrumb":{"@id":"https:\/\/euronique.nl\/de\/produkt\/kopspiess-bestellen\/#breadcrumb"},"inLanguage":"de","potentialAction":[{"@type":"ReadAction","target":["https:\/\/euronique.nl\/de\/produkt\/kopspiess-bestellen\/"]}]},{"@type":"ImageObject","inLanguage":"de","@id":"https:\/\/euronique.nl\/de\/produkt\/kopspiess-bestellen\/#primaryimage","url":"https:\/\/euronique.nl\/wp-content\/uploads\/2022\/09\/Kopspie-900x900-1.png","contentUrl":"https:\/\/euronique.nl\/wp-content\/uploads\/2022\/09\/Kopspie-900x900-1.png","width":900,"height":900,"caption":"Geschmiedeter Kopf Keilkopf Einstellkeilkopf"},{"@type":"BreadcrumbList","@id":"https:\/\/euronique.nl\/de\/produkt\/kopspiess-bestellen\/#breadcrumb","itemListElement":[{"@type":"ListItem","position":1,"name":"Startseite","item":"https:\/\/euronique.nl\/de\/"},{"@type":"ListItem","position":2,"name":"Shop","item":"https:\/\/euronique.nl\/de\/shop\/"},{"@type":"ListItem","position":3,"name":"Keil mit schlagendem Kopf"}]},{"@type":"WebSite","@id":"https:\/\/euronique.nl\/de\/#website","url":"https:\/\/euronique.nl\/de\/","name":"Euronique","description":"Fabrikant en verkoop spie\u00ebn, keggen en wiggen","publisher":{"@id":"https:\/\/euronique.nl\/de\/#organization"},"potentialAction":[{"@type":"SearchAction","target":{"@type":"EntryPoint","urlTemplate":"https:\/\/euronique.nl\/de\/?s={search_term_string}"},"query-input":{"@type":"PropertyValueSpecification","valueRequired":true,"valueName":"search_term_string"}}],"inLanguage":"de"},{"@type":"Organization","@id":"https:\/\/euronique.nl\/de\/#organization","name":"Euronique","url":"https:\/\/euronique.nl\/de\/","logo":{"@type":"ImageObject","inLanguage":"de","@id":"https:\/\/euronique.nl\/de\/#\/schema\/logo\/image\/","url":"https:\/\/euronique.nl\/wp-content\/uploads\/2022\/05\/euronique_logo-768x314-1.png","contentUrl":"https:\/\/euronique.nl\/wp-content\/uploads\/2022\/05\/euronique_logo-768x314-1.png","width":768,"height":314,"caption":"Euronique"},"image":{"@id":"https:\/\/euronique.nl\/de\/#\/schema\/logo\/image\/"}}]}},"_links":{"self":[{"href":"https:\/\/euronique.nl\/de\/wp-json\/wp\/v2\/product\/3284","targetHints":{"allow":["GET"]}}],"collection":[{"href":"https:\/\/euronique.nl\/de\/wp-json\/wp\/v2\/product"}],"about":[{"href":"https:\/\/euronique.nl\/de\/wp-json\/wp\/v2\/types\/product"}],"wp:featuredmedia":[{"embeddable":true,"href":"https:\/\/euronique.nl\/de\/wp-json\/wp\/v2\/media\/3300"}],"wp:attachment":[{"href":"https:\/\/euronique.nl\/de\/wp-json\/wp\/v2\/media?parent=3284"}],"wp:term":[{"taxonomy":"product_brand","embeddable":true,"href":"https:\/\/euronique.nl\/de\/wp-json\/wp\/v2\/product_brand?post=3284"},{"taxonomy":"product_cat","embeddable":true,"href":"https:\/\/euronique.nl\/de\/wp-json\/wp\/v2\/product_cat?post=3284"},{"taxonomy":"product_tag","embeddable":true,"href":"https:\/\/euronique.nl\/de\/wp-json\/wp\/v2\/product_tag?post=3284"}],"curies":[{"name":"wp","href":"https:\/\/api.w.org\/{rel}","templated":true}]}}