{"id":3309,"date":"2022-09-14T14:26:24","date_gmt":"2022-09-14T14:26:24","guid":{"rendered":"https:\/\/euronique.nl\/product\/bronzespriesse\/"},"modified":"2026-03-26T17:06:43","modified_gmt":"2026-03-26T16:06:43","slug":"bronzespriesse","status":"publish","type":"product","link":"https:\/\/euronique.nl\/de\/produkt\/bronzespriesse\/","title":{"rendered":"Keile aus Bronze"},"content":{"rendered":"<div class=\"elementor-element elementor-element-485f308 elementor-widget elementor-widget-heading\" data-id=\"485f308\" data-element_type=\"widget\" data-widget_type=\"heading.default\">\n<div class=\"elementor-widget-container\">\n<h2 class=\"elementor-heading-title elementor-size-default\">Verschiedene Gr\u00f6\u00dfen von Bronzekeilen<\/h2>\n<\/div>\n<\/div>\n<div class=\"elementor-element elementor-element-83b5c21 elementor-widget elementor-widget-jet-table\" data-id=\"83b5c21\" data-element_type=\"widget\" data-widget_type=\"jet-table.default\">\n<div class=\"elementor-widget-container\">\n<div class=\"elementor-jet-table jet-elements\">\n<div class=\"jet-table-wrapper\">\n<table class=\"jet-table jet-table--fa5-compat\">\n<thead class=\"jet-table__head\">\n<tr class=\"jet-table__head-row\">\n<th class=\"jet-table__cell elementor-repeater-item-af3eadb jet-table__head-cell\" scope=\"col\">\n<div class=\"jet-table__cell-inner\">\n<div class=\"jet-table__cell-content\">\n<div class=\"jet-table__cell-text\">L\u00e4nge (mm)<\/div>\n<\/div>\n<\/div>\n<\/th>\n<th class=\"jet-table__cell elementor-repeater-item-cfe99fc jet-table__head-cell\" scope=\"col\">\n<div class=\"jet-table__cell-inner\">\n<div class=\"jet-table__cell-content\">\n<div class=\"jet-table__cell-text\">Breite (mm)<\/div>\n<\/div>\n<\/div>\n<\/th>\n<th class=\"jet-table__cell elementor-repeater-item-83efa7c jet-table__head-cell\" scope=\"col\">\n<div class=\"jet-table__cell-inner\">\n<div class=\"jet-table__cell-content\">\n<div class=\"jet-table__cell-text\">H\u00f6he (mm)<\/div>\n<\/div>\n<\/div>\n<\/th>\n<th class=\"jet-table__cell elementor-repeater-item-7fd69c1 jet-table__head-cell\" scope=\"col\">\n<div class=\"jet-table__cell-inner\">\n<div class=\"jet-table__cell-content\">\n<div class=\"jet-table__cell-text\">Artikelnummer<\/div>\n<\/div>\n<\/div>\n<\/th>\n<\/tr>\n<\/thead>\n<tbody class=\"jet-table__body\">\n<tr class=\"jet-table__body-row elementor-repeater-item-ba94e1e\">\n<td class=\"jet-table__cell elementor-repeater-item-d91f846 jet-table__body-cell\">\n<div class=\"jet-table__cell-inner\">\n<div class=\"jet-table__cell-content\">\n<div class=\"jet-table__cell-text\">150<\/div>\n<\/div>\n<\/div>\n<\/td>\n<td class=\"jet-table__cell elementor-repeater-item-66f6317 jet-table__body-cell\">\n<div class=\"jet-table__cell-inner\">\n<div class=\"jet-table__cell-content\">\n<div class=\"jet-table__cell-text\">25<\/div>\n<\/div>\n<\/div>\n<\/td>\n<td class=\"jet-table__cell elementor-repeater-item-1737ae2 jet-table__body-cell\">\n<div class=\"jet-table__cell-inner\">\n<div class=\"jet-table__cell-content\">\n<div class=\"jet-table__cell-text\">13<\/div>\n<\/div>\n<\/div>\n<\/td>\n<td class=\"jet-table__cell elementor-repeater-item-ac620b6 jet-table__body-cell\">\n<div class=\"jet-table__cell-inner\">\n<div class=\"jet-table__cell-content\">\n<div class=\"jet-table__cell-text\">571150<\/div>\n<\/div>\n<\/div>\n<\/td>\n<\/tr>\n<tr class=\"jet-table__body-row elementor-repeater-item-e73c3d2\">\n<td class=\"jet-table__cell elementor-repeater-item-6f685a2 jet-table__body-cell\">\n<div class=\"jet-table__cell-inner\">\n<div class=\"jet-table__cell-content\">\n<div class=\"jet-table__cell-text\">200<\/div>\n<\/div>\n<\/div>\n<\/td>\n<td class=\"jet-table__cell elementor-repeater-item-14c4985 jet-table__body-cell\">\n<div class=\"jet-table__cell-inner\">\n<div class=\"jet-table__cell-content\">\n<div class=\"jet-table__cell-text\">40<\/div>\n<\/div>\n<\/div>\n<\/td>\n<td class=\"jet-table__cell elementor-repeater-item-0a89398 jet-table__body-cell\">\n<div class=\"jet-table__cell-inner\">\n<div class=\"jet-table__cell-content\">\n<div class=\"jet-table__cell-text\">20<\/div>\n<\/div>\n<\/div>\n<\/td>\n<td class=\"jet-table__cell elementor-repeater-item-0e87d4c jet-table__body-cell\">\n<div class=\"jet-table__cell-inner\">\n<div class=\"jet-table__cell-content\">\n<div class=\"jet-table__cell-text\">571200<\/div>\n<\/div>\n<\/div>\n<\/td>\n<\/tr>\n<tr class=\"jet-table__body-row elementor-repeater-item-8b44142\">\n<td class=\"jet-table__cell elementor-repeater-item-672ff2b jet-table__body-cell\" colspan=\"2000\">\n<div class=\"jet-table__cell-content\">\n<div class=\"jet-table__cell-text\">Andere Abmessungen auf Anfrage m\u00f6glich: <u>info@euronique.nl<\/u><\/div>\n<\/div>\n<\/td>\n<\/tr>\n<\/tbody>\n<\/table>\n<\/div>\n<\/div>\n<\/div>\n<\/div>\n<p>&nbsp;<\/p>\n<h1 data-path-to-node=\"4\">Bronzekeile (Rg7) f\u00fcr den industriellen Einsatz<\/h1>\n<p data-path-to-node=\"5\">Wenn Pr\u00e4zision und Sicherheit bei der Wartung und beim Bau entscheidend sind, sind unsere Keile aus Bronze - hergestellt aus <b data-path-to-node=\"5\" data-index-in-node=\"118\">Rg7 (CuSn7ZnPb)<\/b> gem\u00e4\u00df <b data-path-to-node=\"5\" data-index-in-node=\"142\">DIN 1705<\/b> - die Standardwahl. Diese Keile (auch Keile genannt) sind zum Spreizen von Gegenst\u00e4nden oder zum Sichern von Bauteilen mit minimalem Einf\u00fchrraum konzipiert. Durch die spitze Spitze von ca. 0,5 mm sind sie ideal f\u00fcr eine pr\u00e4zise Positionierung geeignet, wo andere Hebewerkzeuge versagen.  <\/p>\n<h3 data-path-to-node=\"6\">Technische Daten: Material &amp; Normen<\/h3>\n<ul data-path-to-node=\"7\">\n<li>\n<p data-path-to-node=\"7,0,0\"><b data-path-to-node=\"7,0,0\" data-index-in-node=\"0\">Material:<\/b> Arbeitsmaterial Nummer 2.1090 (CuSn7ZnPb \/ Rg7).<\/p>\n<\/li>\n<li>\n<p data-path-to-node=\"7,1,0\"><b data-path-to-node=\"7,1,0\" data-index-in-node=\"0\">Normung:<\/b> nach DIN 1705.<\/p>\n<\/li>\n<li>\n<p data-path-to-node=\"7,2,0\"><b data-path-to-node=\"7,2,0\" data-index-in-node=\"0\">Eigenschaft:<\/b> Funkenfrei, korrosionsbest\u00e4ndig und sehr widerstandsf\u00e4hig gegen mechanische Belastungen.<\/p>\n<\/li>\n<li>\n<p data-path-to-node=\"7,3,0\"><b data-path-to-node=\"7,3,0\" data-index-in-node=\"0\">Anwendung:<\/b> Ideal zum Spreizen von Flanschen und Ausrichten von Maschinen in Gefahrenbereichen.<\/p>\n<\/li>\n<\/ul>\n<h2>Warum sollten Sie sich f\u00fcr Bronze-Keilschuhe von Euronique entscheiden?<\/h2>\n<p data-path-to-node=\"9\">Als technischer Eink\u00e4ufer oder Wartungsingenieur legen Sie Wert auf Zuverl\u00e4ssigkeit. Unsere Bronzekeile bieten: <\/p>\n<ul data-path-to-node=\"10\">\n<li>\n<p data-path-to-node=\"10,0,0\"><b data-path-to-node=\"10,0,0\" data-index-in-node=\"0\">Funkenfreie Sicherheit:<\/b> unerl\u00e4sslich f\u00fcr Arbeiten in ATEX-Umgebungen. Bronze verhindert Funkenbildung bei Kontakt mit Stahl und eliminiert so die Gefahr von Feuer oder Explosionen in gef\u00e4hrlichen Umgebungen. <\/p>\n<\/li>\n<li>\n<p data-path-to-node=\"10,1,0\"><b data-path-to-node=\"10,1,0\" data-index-in-node=\"0\">Hohe Ma\u00dfhaltigkeit &amp; Pr\u00e4zision:<\/b> Die Keile werden mit engen Toleranzen gefertigt, um eine pr\u00e4zise Ausrichtung ohne Spiel zu gew\u00e4hrleisten.<\/p>\n<\/li>\n<li>\n<p data-path-to-node=\"10,2,0\"><b data-path-to-node=\"10,2,0\" data-index-in-node=\"0\">Langlebigkeit:<\/b> Dank der geringen Reibung und der Korrosionsbest\u00e4ndigkeit der Rg7-Legierung haben diese Keile eine lange Lebensdauer, auch unter aggressiven industriellen Bedingungen.<\/p>\n<\/li>\n<\/ul>\n<div class=\"elementor-element elementor-element-3eee910 elementor-widget elementor-widget-heading\" data-id=\"3eee910\" data-element_type=\"widget\" data-widget_type=\"heading.default\">\n<div class=\"elementor-widget-container\">\n<h2 class=\"elementor-heading-title elementor-size-default\">Breite Anwendbarkeit in der Industrie<\/h2>\n<\/div>\n<\/div>\n<div class=\"elementor-element elementor-element-bd633ad elementor-widget elementor-widget-text-editor\" data-id=\"bd633ad\" data-element_type=\"widget\" data-widget_type=\"text-editor.default\">\n<div class=\"elementor-widget-container\">\n<p data-path-to-node=\"12\">Unsere Keile werden h\u00e4ufig als hochwertige Montagewerkzeuge in Branchen eingesetzt, in denen Sicherheit und Pr\u00e4zision an erster Stelle stehen:<\/p>\n<ul data-path-to-node=\"13\">\n<li>\n<p data-path-to-node=\"13,0,0\">Chemische und petrochemische Industrie<\/p>\n<\/li>\n<li>\n<p data-path-to-node=\"13,1,0\">Offshore und maritimer Sektor (\u00d6ltanker)<\/p>\n<\/li>\n<li>\n<p data-path-to-node=\"13,2,0\">Tankreinigung und Instandhaltung<\/p>\n<\/li>\n<li>\n<p data-path-to-node=\"13,3,0\">Pharmazeutische Industrie<\/p>\n<\/li>\n<li>\n<p data-path-to-node=\"13,4,0\">Elektrizit\u00e4ts- und Kernkraftwerke<\/p>\n<\/li>\n<\/ul>\n<p data-path-to-node=\"14\">Aufgrund der nicht funkenden Eigenschaften von Bronze werden unsere Keile h\u00e4ufig als Flanschkeile in der petrochemischen Industrie verwendet. Sind Sie speziell auf der Suche nach einer L\u00f6sung f\u00fcr das Spalten von Flanschverbindungen? Dann werfen Sie einen Blick auf unsere<a href=\"https:\/\/euronique.nl\/de\/der-industrielle-flanschkeil-das-handwerkzeug-fuer-die-perfekte-flanschabtrennung\/\">[Sonderseite zu Flanschkeilen<\/a>] f\u00fcr weitere Informationen zu dieser speziellen Anwendung.  <\/p>\n<\/div>\n<\/div>\n<div class=\"elementor-element elementor-element-c83c18f elementor-widget elementor-widget-heading\" data-id=\"c83c18f\" data-element_type=\"widget\" data-widget_type=\"heading.default\">\n<div class=\"elementor-widget-container\">\n<h3 data-path-to-node=\"15\">Bestellung und Lieferung<\/h3>\n<p data-path-to-node=\"16\">Wir liefern unsere Bronzekeile direkt ab Lager, was uns eine durchschnittliche Lieferzeit von <b data-path-to-node=\"16\" data-index-in-node=\"94\">2 bis 3 Werktagen<\/b> erm\u00f6glicht.<\/p>\n<ul data-path-to-node=\"17\">\n<li>\n<p data-path-to-node=\"17,0,0\"><b data-path-to-node=\"17,0,0\" data-index-in-node=\"0\">Bestellen:<\/b> Sie k\u00f6nnen direkt in unserem Webshop bestellen.<\/p>\n<\/li>\n<li>\n<p data-path-to-node=\"17,1,0\"><b data-path-to-node=\"17,1,0\" data-index-in-node=\"0\">Angebot:<\/b> Haben Sie eine spezielle Anfrage oder eine Gro\u00dfbestellung? Senden Sie eine E-Mail an info@euronique.nl; wir werden Ihnen innerhalb von 24 Stunden ein passendes Angebot unterbreiten. <\/p>\n<\/li>\n<li>\n<p data-path-to-node=\"17,2,0\"><b data-path-to-node=\"17,2,0\" data-index-in-node=\"0\">Versand:<\/b> Bestellungen werden sorgf\u00e4ltig \u00fcber PostNL versandt. Sobald Ihre Bestellung unser Lager verl\u00e4sst, erhalten Sie einen Track &amp; Trace-Code, mit dem Sie die Sendung verfolgen k\u00f6nnen. <\/p>\n<\/li>\n<\/ul>\n<p data-path-to-node=\"18\"><i data-path-to-node=\"18\" data-index-in-node=\"0\">Hinweis: Obwohl Bronze nicht funkenspr\u00fchend ist, erfordert die Arbeit in ATEX-Umgebungen immer die vollst\u00e4ndige Einhaltung der \u00f6rtlichen Sicherheitsvorschriften und -standards.<\/i><\/p>\n<\/div>\n<\/div>\n","protected":false},"excerpt":{"rendered":"<p>Verschiedene Abmessungen \u00fcber das untenstehende Dropdown-Men\u00fc ausw\u00e4hlbar.<\/p>\n","protected":false},"featured_media":3310,"template":"","meta":{"site-sidebar-layout":"default","site-content-layout":"default","ast-site-content-layout":"default","site-content-style":"default","site-sidebar-style":"default","ast-global-header-display":"","ast-banner-title-visibility":"","ast-main-header-display":"","ast-hfb-above-header-display":"","ast-hfb-below-header-display":"","ast-hfb-mobile-header-display":"","site-post-title":"","ast-breadcrumbs-content":"","ast-featured-img":"","footer-sml-layout":"","ast-disable-related-posts":"","theme-transparent-header-meta":"default","adv-header-id-meta":"","stick-header-meta":"","header-above-stick-meta":"","header-main-stick-meta":"","header-below-stick-meta":"","astra-migrate-meta-layouts":"default","ast-page-background-enabled":"default","ast-page-background-meta":{"desktop":{"background-color":"var(--ast-global-color-4)","background-image":"","background-repeat":"repeat","background-position":"center center","background-size":"auto","background-attachment":"scroll","background-type":"","background-media":"","overlay-type":"","overlay-color":"","overlay-opacity":"","overlay-gradient":""},"tablet":{"background-color":"","background-image":"","background-repeat":"repeat","background-position":"center center","background-size":"auto","background-attachment":"scroll","background-type":"","background-media":"","overlay-type":"","overlay-color":"","overlay-opacity":"","overlay-gradient":""},"mobile":{"background-color":"","background-image":"","background-repeat":"repeat","background-position":"center center","background-size":"auto","background-attachment":"scroll","background-type":"","background-media":"","overlay-type":"","overlay-color":"","overlay-opacity":"","overlay-gradient":""}},"ast-content-background-meta":{"desktop":{"background-color":"var(--ast-global-color-5)","background-image":"","background-repeat":"repeat","background-position":"center center","background-size":"auto","background-attachment":"scroll","background-type":"","background-media":"","overlay-type":"","overlay-color":"","overlay-opacity":"","overlay-gradient":""},"tablet":{"background-color":"var(--ast-global-color-5)","background-image":"","background-repeat":"repeat","background-position":"center center","background-size":"auto","background-attachment":"scroll","background-type":"","background-media":"","overlay-type":"","overlay-color":"","overlay-opacity":"","overlay-gradient":""},"mobile":{"background-color":"var(--ast-global-color-5)","background-image":"","background-repeat":"repeat","background-position":"center center","background-size":"auto","background-attachment":"scroll","background-type":"","background-media":"","overlay-type":"","overlay-color":"","overlay-opacity":"","overlay-gradient":""}}},"product_brand":[],"product_cat":[82],"product_tag":[95],"class_list":{"0":"post-3309","1":"product","2":"type-product","3":"status-publish","4":"has-post-thumbnail","6":"product_cat-keile","7":"product_tag-bronze","8":"product_shipping_class-gewicht","9":"desktop-align-left","10":"tablet-align-left","11":"mobile-align-left","13":"first","14":"instock","15":"taxable","16":"shipping-taxable","17":"purchasable","18":"product-type-variable"},"yoast_head":"<!-- This site is optimized with the Yoast SEO plugin v27.4 - https:\/\/yoast.com\/product\/yoast-seo-wordpress\/ -->\n<title>Bronzekeile (Rg7) Kaufen | Funksicher &amp; Industriell | Euronique<\/title>\n<meta name=\"description\" content=\"Keile aus Bronze (Rg7) f\u00fcr den industriellen Einsatz. Funkenfrei, verschlei\u00dffest und perfekt f\u00fcr ATEX-Umgebungen. Direkt ab Lager lieferbar. Bestellen Sie bei Euronique.\" \/>\n<meta name=\"robots\" content=\"index, follow, max-snippet:-1, max-image-preview:large, max-video-preview:-1\" \/>\n<link rel=\"canonical\" href=\"https:\/\/euronique.nl\/de\/produkt\/bronzespriesse\/\" \/>\n<meta property=\"og:locale\" content=\"de_DE\" \/>\n<meta property=\"og:type\" content=\"article\" \/>\n<meta property=\"og:title\" content=\"Bronzekeile (Rg7) Kaufen | Funksicher &amp; Industriell | Euronique\" \/>\n<meta property=\"og:description\" content=\"Keile aus Bronze (Rg7) f\u00fcr den industriellen Einsatz. Funkenfrei, verschlei\u00dffest und perfekt f\u00fcr ATEX-Umgebungen. Direkt ab Lager lieferbar. Bestellen Sie bei Euronique.\" \/>\n<meta property=\"og:url\" content=\"https:\/\/euronique.nl\/de\/produkt\/bronzespriesse\/\" \/>\n<meta property=\"og:site_name\" content=\"Euronique\" \/>\n<meta property=\"article:modified_time\" content=\"2026-03-26T16:06:43+00:00\" \/>\n<meta property=\"og:image\" content=\"https:\/\/euronique.nl\/wp-content\/uploads\/2022\/09\/Vonkvrije-spie-900x900-tp.png\" \/>\n\t<meta property=\"og:image:width\" content=\"900\" \/>\n\t<meta property=\"og:image:height\" content=\"900\" \/>\n\t<meta property=\"og:image:type\" content=\"image\/png\" \/>\n<meta name=\"twitter:card\" content=\"summary_large_image\" \/>\n<meta name=\"twitter:label1\" content=\"Gesch\u00e4tzte Lesezeit\" \/>\n\t<meta name=\"twitter:data1\" content=\"2\u00a0Minuten\" \/>\n<script type=\"application\/ld+json\" class=\"yoast-schema-graph\">{\"@context\":\"https:\\\/\\\/schema.org\",\"@graph\":[{\"@type\":\"WebPage\",\"@id\":\"https:\\\/\\\/euronique.nl\\\/de\\\/produkt\\\/bronzespriesse\\\/\",\"url\":\"https:\\\/\\\/euronique.nl\\\/de\\\/produkt\\\/bronzespriesse\\\/\",\"name\":\"Bronzekeile (Rg7) Kaufen | Funksicher & Industriell | Euronique\",\"isPartOf\":{\"@id\":\"https:\\\/\\\/euronique.nl\\\/de\\\/#website\"},\"primaryImageOfPage\":{\"@id\":\"https:\\\/\\\/euronique.nl\\\/de\\\/produkt\\\/bronzespriesse\\\/#primaryimage\"},\"image\":{\"@id\":\"https:\\\/\\\/euronique.nl\\\/de\\\/produkt\\\/bronzespriesse\\\/#primaryimage\"},\"thumbnailUrl\":\"https:\\\/\\\/euronique.nl\\\/wp-content\\\/uploads\\\/2022\\\/09\\\/Vonkvrije-spie-900x900-tp.png\",\"datePublished\":\"2022-09-14T14:26:24+00:00\",\"dateModified\":\"2026-03-26T16:06:43+00:00\",\"description\":\"Keile aus Bronze (Rg7) f\u00fcr den industriellen Einsatz. Funkenfrei, verschlei\u00dffest und perfekt f\u00fcr ATEX-Umgebungen. Direkt ab Lager lieferbar. Bestellen Sie bei Euronique.\",\"breadcrumb\":{\"@id\":\"https:\\\/\\\/euronique.nl\\\/de\\\/produkt\\\/bronzespriesse\\\/#breadcrumb\"},\"inLanguage\":\"de\",\"potentialAction\":[{\"@type\":\"ReadAction\",\"target\":[\"https:\\\/\\\/euronique.nl\\\/de\\\/produkt\\\/bronzespriesse\\\/\"]}]},{\"@type\":\"ImageObject\",\"inLanguage\":\"de\",\"@id\":\"https:\\\/\\\/euronique.nl\\\/de\\\/produkt\\\/bronzespriesse\\\/#primaryimage\",\"url\":\"https:\\\/\\\/euronique.nl\\\/wp-content\\\/uploads\\\/2022\\\/09\\\/Vonkvrije-spie-900x900-tp.png\",\"contentUrl\":\"https:\\\/\\\/euronique.nl\\\/wp-content\\\/uploads\\\/2022\\\/09\\\/Vonkvrije-spie-900x900-tp.png\",\"width\":900,\"height\":900,\"caption\":\"Bronze nicht funkender Keil Einstellkeil Flanschkeil\"},{\"@type\":\"BreadcrumbList\",\"@id\":\"https:\\\/\\\/euronique.nl\\\/de\\\/produkt\\\/bronzespriesse\\\/#breadcrumb\",\"itemListElement\":[{\"@type\":\"ListItem\",\"position\":1,\"name\":\"Startseite\",\"item\":\"https:\\\/\\\/euronique.nl\\\/de\\\/\"},{\"@type\":\"ListItem\",\"position\":2,\"name\":\"Shop\",\"item\":\"https:\\\/\\\/euronique.nl\\\/de\\\/shop\\\/\"},{\"@type\":\"ListItem\",\"position\":3,\"name\":\"Keile aus Bronze\"}]},{\"@type\":\"WebSite\",\"@id\":\"https:\\\/\\\/euronique.nl\\\/de\\\/#website\",\"url\":\"https:\\\/\\\/euronique.nl\\\/de\\\/\",\"name\":\"Euronique\",\"description\":\"Fabrikant en verkoop spie\u00ebn, keggen en wiggen\",\"publisher\":{\"@id\":\"https:\\\/\\\/euronique.nl\\\/de\\\/#organization\"},\"potentialAction\":[{\"@type\":\"SearchAction\",\"target\":{\"@type\":\"EntryPoint\",\"urlTemplate\":\"https:\\\/\\\/euronique.nl\\\/de\\\/?s={search_term_string}\"},\"query-input\":{\"@type\":\"PropertyValueSpecification\",\"valueRequired\":true,\"valueName\":\"search_term_string\"}}],\"inLanguage\":\"de\"},{\"@type\":\"Organization\",\"@id\":\"https:\\\/\\\/euronique.nl\\\/de\\\/#organization\",\"name\":\"Euronique\",\"url\":\"https:\\\/\\\/euronique.nl\\\/de\\\/\",\"logo\":{\"@type\":\"ImageObject\",\"inLanguage\":\"de\",\"@id\":\"https:\\\/\\\/euronique.nl\\\/de\\\/#\\\/schema\\\/logo\\\/image\\\/\",\"url\":\"https:\\\/\\\/euronique.nl\\\/wp-content\\\/uploads\\\/2022\\\/05\\\/euronique_logo-768x314-1.png\",\"contentUrl\":\"https:\\\/\\\/euronique.nl\\\/wp-content\\\/uploads\\\/2022\\\/05\\\/euronique_logo-768x314-1.png\",\"width\":768,\"height\":314,\"caption\":\"Euronique\"},\"image\":{\"@id\":\"https:\\\/\\\/euronique.nl\\\/de\\\/#\\\/schema\\\/logo\\\/image\\\/\"}}]}<\/script>\n<!-- \/ Yoast SEO plugin. -->","yoast_head_json":{"title":"Bronzekeile (Rg7) Kaufen | Funksicher & Industriell | Euronique","description":"Keile aus Bronze (Rg7) f\u00fcr den industriellen Einsatz. Funkenfrei, verschlei\u00dffest und perfekt f\u00fcr ATEX-Umgebungen. Direkt ab Lager lieferbar. Bestellen Sie bei Euronique.","robots":{"index":"index","follow":"follow","max-snippet":"max-snippet:-1","max-image-preview":"max-image-preview:large","max-video-preview":"max-video-preview:-1"},"canonical":"https:\/\/euronique.nl\/de\/produkt\/bronzespriesse\/","og_locale":"de_DE","og_type":"article","og_title":"Bronzekeile (Rg7) Kaufen | Funksicher & Industriell | Euronique","og_description":"Keile aus Bronze (Rg7) f\u00fcr den industriellen Einsatz. Funkenfrei, verschlei\u00dffest und perfekt f\u00fcr ATEX-Umgebungen. Direkt ab Lager lieferbar. Bestellen Sie bei Euronique.","og_url":"https:\/\/euronique.nl\/de\/produkt\/bronzespriesse\/","og_site_name":"Euronique","article_modified_time":"2026-03-26T16:06:43+00:00","og_image":[{"width":900,"height":900,"url":"https:\/\/euronique.nl\/wp-content\/uploads\/2022\/09\/Vonkvrije-spie-900x900-tp.png","type":"image\/png"}],"twitter_card":"summary_large_image","twitter_misc":{"Gesch\u00e4tzte Lesezeit":"2\u00a0Minuten"},"schema":{"@context":"https:\/\/schema.org","@graph":[{"@type":"WebPage","@id":"https:\/\/euronique.nl\/de\/produkt\/bronzespriesse\/","url":"https:\/\/euronique.nl\/de\/produkt\/bronzespriesse\/","name":"Bronzekeile (Rg7) Kaufen | Funksicher & Industriell | Euronique","isPartOf":{"@id":"https:\/\/euronique.nl\/de\/#website"},"primaryImageOfPage":{"@id":"https:\/\/euronique.nl\/de\/produkt\/bronzespriesse\/#primaryimage"},"image":{"@id":"https:\/\/euronique.nl\/de\/produkt\/bronzespriesse\/#primaryimage"},"thumbnailUrl":"https:\/\/euronique.nl\/wp-content\/uploads\/2022\/09\/Vonkvrije-spie-900x900-tp.png","datePublished":"2022-09-14T14:26:24+00:00","dateModified":"2026-03-26T16:06:43+00:00","description":"Keile aus Bronze (Rg7) f\u00fcr den industriellen Einsatz. Funkenfrei, verschlei\u00dffest und perfekt f\u00fcr ATEX-Umgebungen. Direkt ab Lager lieferbar. Bestellen Sie bei Euronique.","breadcrumb":{"@id":"https:\/\/euronique.nl\/de\/produkt\/bronzespriesse\/#breadcrumb"},"inLanguage":"de","potentialAction":[{"@type":"ReadAction","target":["https:\/\/euronique.nl\/de\/produkt\/bronzespriesse\/"]}]},{"@type":"ImageObject","inLanguage":"de","@id":"https:\/\/euronique.nl\/de\/produkt\/bronzespriesse\/#primaryimage","url":"https:\/\/euronique.nl\/wp-content\/uploads\/2022\/09\/Vonkvrije-spie-900x900-tp.png","contentUrl":"https:\/\/euronique.nl\/wp-content\/uploads\/2022\/09\/Vonkvrije-spie-900x900-tp.png","width":900,"height":900,"caption":"Bronze nicht funkender Keil Einstellkeil Flanschkeil"},{"@type":"BreadcrumbList","@id":"https:\/\/euronique.nl\/de\/produkt\/bronzespriesse\/#breadcrumb","itemListElement":[{"@type":"ListItem","position":1,"name":"Startseite","item":"https:\/\/euronique.nl\/de\/"},{"@type":"ListItem","position":2,"name":"Shop","item":"https:\/\/euronique.nl\/de\/shop\/"},{"@type":"ListItem","position":3,"name":"Keile aus Bronze"}]},{"@type":"WebSite","@id":"https:\/\/euronique.nl\/de\/#website","url":"https:\/\/euronique.nl\/de\/","name":"Euronique","description":"Fabrikant en verkoop spie\u00ebn, keggen en wiggen","publisher":{"@id":"https:\/\/euronique.nl\/de\/#organization"},"potentialAction":[{"@type":"SearchAction","target":{"@type":"EntryPoint","urlTemplate":"https:\/\/euronique.nl\/de\/?s={search_term_string}"},"query-input":{"@type":"PropertyValueSpecification","valueRequired":true,"valueName":"search_term_string"}}],"inLanguage":"de"},{"@type":"Organization","@id":"https:\/\/euronique.nl\/de\/#organization","name":"Euronique","url":"https:\/\/euronique.nl\/de\/","logo":{"@type":"ImageObject","inLanguage":"de","@id":"https:\/\/euronique.nl\/de\/#\/schema\/logo\/image\/","url":"https:\/\/euronique.nl\/wp-content\/uploads\/2022\/05\/euronique_logo-768x314-1.png","contentUrl":"https:\/\/euronique.nl\/wp-content\/uploads\/2022\/05\/euronique_logo-768x314-1.png","width":768,"height":314,"caption":"Euronique"},"image":{"@id":"https:\/\/euronique.nl\/de\/#\/schema\/logo\/image\/"}}]}},"_links":{"self":[{"href":"https:\/\/euronique.nl\/de\/wp-json\/wp\/v2\/product\/3309","targetHints":{"allow":["GET"]}}],"collection":[{"href":"https:\/\/euronique.nl\/de\/wp-json\/wp\/v2\/product"}],"about":[{"href":"https:\/\/euronique.nl\/de\/wp-json\/wp\/v2\/types\/product"}],"wp:featuredmedia":[{"embeddable":true,"href":"https:\/\/euronique.nl\/de\/wp-json\/wp\/v2\/media\/3310"}],"wp:attachment":[{"href":"https:\/\/euronique.nl\/de\/wp-json\/wp\/v2\/media?parent=3309"}],"wp:term":[{"taxonomy":"product_brand","embeddable":true,"href":"https:\/\/euronique.nl\/de\/wp-json\/wp\/v2\/product_brand?post=3309"},{"taxonomy":"product_cat","embeddable":true,"href":"https:\/\/euronique.nl\/de\/wp-json\/wp\/v2\/product_cat?post=3309"},{"taxonomy":"product_tag","embeddable":true,"href":"https:\/\/euronique.nl\/de\/wp-json\/wp\/v2\/product_tag?post=3309"}],"curies":[{"name":"wp","href":"https:\/\/api.w.org\/{rel}","templated":true}]}}