{"id":3238,"date":"2022-09-14T14:16:16","date_gmt":"2022-09-14T14:16:16","guid":{"rendered":"https:\/\/euronique.nl\/product\/commander-des-coins-a-tete\/"},"modified":"2026-03-26T17:07:07","modified_gmt":"2026-03-26T16:07:07","slug":"commander-des-coins-a-tete","status":"publish","type":"product","link":"https:\/\/euronique.nl\/fr\/produit\/commander-des-coins-a-tete\/","title":{"rendered":"Cale \u00e0 t\u00eate battante"},"content":{"rendered":"<div class=\"elementor-element elementor-element-c59acb2 elementor-widget elementor-widget-heading\" data-id=\"c59acb2\" data-element_type=\"widget\" data-widget_type=\"heading.default\">\n<div class=\"elementor-widget-container\">\n<h2 class=\"elementor-heading-title elementor-size-default\">Diff\u00e9rentes tailles de cales avec t\u00eate de battage<\/h2>\n<\/div>\n<\/div>\n<div class=\"elementor-element elementor-element-65afea48 elementor-widget elementor-widget-jet-table\" data-id=\"65afea48\" data-element_type=\"widget\" data-widget_type=\"jet-table.default\">\n<div class=\"elementor-widget-container\">\n<div class=\"elementor-jet-table jet-elements\">\n<div class=\"jet-table-wrapper\">\n<table class=\"jet-table jet-table--fa5-compat\">\n<thead class=\"jet-table__head\">\n<tr class=\"jet-table__head-row\">\n<th class=\"jet-table__cell elementor-repeater-item-af3eadb jet-table__head-cell\" scope=\"col\">\n<div class=\"jet-table__cell-inner\">\n<div class=\"jet-table__cell-content\">\n<div class=\"jet-table__cell-text\">Longueur (mm)<\/div>\n<\/div>\n<\/div>\n<\/th>\n<th class=\"jet-table__cell elementor-repeater-item-cfe99fc jet-table__head-cell\" scope=\"col\">\n<div class=\"jet-table__cell-inner\">\n<div class=\"jet-table__cell-content\">\n<div class=\"jet-table__cell-text\">Largeur (mm)<\/div>\n<\/div>\n<\/div>\n<\/th>\n<th class=\"jet-table__cell elementor-repeater-item-83efa7c jet-table__head-cell\" scope=\"col\">\n<div class=\"jet-table__cell-inner\">\n<div class=\"jet-table__cell-content\">\n<div class=\"jet-table__cell-text\">Hauteur (mm)<\/div>\n<\/div>\n<\/div>\n<\/th>\n<th class=\"jet-table__cell elementor-repeater-item-7fd69c1 jet-table__head-cell\" scope=\"col\">\n<div class=\"jet-table__cell-inner\">\n<div class=\"jet-table__cell-content\">\n<div class=\"jet-table__cell-text\">Num\u00e9ro d&rsquo;article<\/div>\n<\/div>\n<\/div>\n<\/th>\n<\/tr>\n<\/thead>\n<tbody class=\"jet-table__body\">\n<tr class=\"jet-table__body-row elementor-repeater-item-ba94e1e\">\n<td class=\"jet-table__cell elementor-repeater-item-f02c772 jet-table__body-cell\">\n<div class=\"jet-table__cell-inner\">\n<div class=\"jet-table__cell-content\">\n<div class=\"jet-table__cell-text\">220<\/div>\n<\/div>\n<\/div>\n<\/td>\n<td class=\"jet-table__cell elementor-repeater-item-66f6317 jet-table__body-cell\">\n<div class=\"jet-table__cell-inner\">\n<div class=\"jet-table__cell-content\">\n<div class=\"jet-table__cell-text\">30<\/div>\n<\/div>\n<\/div>\n<\/td>\n<td class=\"jet-table__cell elementor-repeater-item-1737ae2 jet-table__body-cell\">\n<div class=\"jet-table__cell-inner\">\n<div class=\"jet-table__cell-content\">\n<div class=\"jet-table__cell-text\">30<\/div>\n<\/div>\n<\/div>\n<\/td>\n<td class=\"jet-table__cell elementor-repeater-item-ac620b6 jet-table__body-cell\">\n<div class=\"jet-table__cell-inner\">\n<div class=\"jet-table__cell-content\">\n<div class=\"jet-table__cell-text\">580220<\/div>\n<\/div>\n<\/div>\n<\/td>\n<\/tr>\n<tr class=\"jet-table__body-row elementor-repeater-item-e73c3d2\">\n<td class=\"jet-table__cell elementor-repeater-item-6f685a2 jet-table__body-cell\">\n<div class=\"jet-table__cell-inner\">\n<div class=\"jet-table__cell-content\">\n<div class=\"jet-table__cell-text\">250<\/div>\n<\/div>\n<\/div>\n<\/td>\n<td class=\"jet-table__cell elementor-repeater-item-14c4985 jet-table__body-cell\">\n<div class=\"jet-table__cell-inner\">\n<div class=\"jet-table__cell-content\">\n<div class=\"jet-table__cell-text\">30<\/div>\n<\/div>\n<\/div>\n<\/td>\n<td class=\"jet-table__cell elementor-repeater-item-0a89398 jet-table__body-cell\">\n<div class=\"jet-table__cell-inner\">\n<div class=\"jet-table__cell-content\">\n<div class=\"jet-table__cell-text\">30<\/div>\n<\/div>\n<\/div>\n<\/td>\n<td class=\"jet-table__cell elementor-repeater-item-0e87d4c jet-table__body-cell\">\n<div class=\"jet-table__cell-inner\">\n<div class=\"jet-table__cell-content\">\n<div class=\"jet-table__cell-text\">580253<\/div>\n<\/div>\n<\/div>\n<\/td>\n<\/tr>\n<tr class=\"jet-table__body-row elementor-repeater-item-593b2f8\">\n<td class=\"jet-table__cell elementor-repeater-item-dea1b1a jet-table__body-cell\">\n<div class=\"jet-table__cell-inner\">\n<div class=\"jet-table__cell-content\">\n<div class=\"jet-table__cell-text\">250<\/div>\n<\/div>\n<\/div>\n<\/td>\n<td class=\"jet-table__cell elementor-repeater-item-1314b05 jet-table__body-cell\">\n<div class=\"jet-table__cell-inner\">\n<div class=\"jet-table__cell-content\">\n<div class=\"jet-table__cell-text\">40<\/div>\n<\/div>\n<\/div>\n<\/td>\n<td class=\"jet-table__cell elementor-repeater-item-97d17b9 jet-table__body-cell\">\n<div class=\"jet-table__cell-inner\">\n<div class=\"jet-table__cell-content\">\n<div class=\"jet-table__cell-text\">40<\/div>\n<\/div>\n<\/div>\n<\/td>\n<td class=\"jet-table__cell elementor-repeater-item-acce1a0 jet-table__body-cell\">\n<div class=\"jet-table__cell-inner\">\n<div class=\"jet-table__cell-content\">\n<div class=\"jet-table__cell-text\">580254<\/div>\n<\/div>\n<\/div>\n<\/td>\n<\/tr>\n<tr class=\"jet-table__body-row elementor-repeater-item-8b44142\">\n<td class=\"jet-table__cell elementor-repeater-item-d91f846 jet-table__body-cell\">\n<div class=\"jet-table__cell-inner\">\n<div class=\"jet-table__cell-content\">\n<div class=\"jet-table__cell-text\">250<\/div>\n<\/div>\n<\/div>\n<\/td>\n<td class=\"jet-table__cell elementor-repeater-item-db695ce jet-table__body-cell\">\n<div class=\"jet-table__cell-inner\">\n<div class=\"jet-table__cell-content\">\n<div class=\"jet-table__cell-text\">30<\/div>\n<\/div>\n<\/div>\n<\/td>\n<td class=\"jet-table__cell elementor-repeater-item-bc760ee jet-table__body-cell\">\n<div class=\"jet-table__cell-inner\">\n<div class=\"jet-table__cell-content\">\n<div class=\"jet-table__cell-text\">50<\/div>\n<\/div>\n<\/div>\n<\/td>\n<td class=\"jet-table__cell elementor-repeater-item-1565b7a jet-table__body-cell\">\n<div class=\"jet-table__cell-inner\">\n<div class=\"jet-table__cell-content\">\n<div class=\"jet-table__cell-text\">580255<\/div>\n<\/div>\n<\/div>\n<\/td>\n<\/tr>\n<tr class=\"jet-table__body-row elementor-repeater-item-1f06c33\">\n<td class=\"jet-table__cell elementor-repeater-item-672ff2b jet-table__body-cell\" colspan=\"2000\">\n<div class=\"jet-table__cell-content\">\n<div class=\"jet-table__cell-text\">Autres dimensions possibles sur demande&nbsp;: <u>info@euronique.nl<\/u><\/div>\n<\/div>\n<\/td>\n<\/tr>\n<\/tbody>\n<\/table>\n<p>&nbsp;<\/p>\n<\/div>\n<\/div>\n<\/div>\n<\/div>\n<h2>Coin \u00e0 t\u00eate battante (\u00e9galement appel\u00e9 coin \u00e0 t\u00eate)<\/h2>\n<p>Une cale de r\u00e9glage \u00e0 t\u00eate battante est un outil forg\u00e9 pour les travaux lourds. Dans la pratique, ce produit est souvent appel\u00e9 \u00ab\u00a0cale \u00e0 t\u00eate\u00a0\u00bb. Important \u00e0 savoir : il ne s&rsquo;agit pas d&rsquo;une pi\u00e8ce de machine pour les connexions arbre-moyeu, mais d&rsquo;un outil robuste pour le r\u00e9glage, l&rsquo;alignement et la fixation de structures et de machines lourdes.  <\/p>\n<h2>Quand choisir une cale de r\u00e9glage \u00e0 t\u00eate battante ?<\/h2>\n<p data-path-to-node=\"5\">Gr\u00e2ce \u00e0 sa conception forg\u00e9e, cette cale peut supporter des travaux lourds. La t\u00eate est con\u00e7ue pour absorber directement les coups de masse. Ainsi, la cale elle-m\u00eame ne se d\u00e9forme pas \u00e0 l&rsquo;impact. Cela pr\u00e9sente deux avantages imm\u00e9diats :   <\/p>\n<ol start=\"1\" data-path-to-node=\"6\">\n<li>\n<p data-path-to-node=\"6,0,0\"><b data-path-to-node=\"6,0,0\" data-index-in-node=\"0\">Transfert de force direct :<\/b> vous frappez le wedge dans la position exacte, de mani\u00e8re contr\u00f4l\u00e9e et avec la force n\u00e9cessaire.<\/p>\n<\/li>\n<li>\n<p data-path-to-node=\"5,1,0\"><b data-path-to-node=\"5,1,0\" data-index-in-node=\"0\">Grande surface de frappe :<\/b> la conception de la t\u00eate offre une cible plus large, facilitant une frappe pr\u00e9cise, m\u00eame dans les zones difficiles d&rsquo;acc\u00e8s.<\/p>\n<\/li>\n<li>\n<p data-path-to-node=\"5,2,0\"><b data-path-to-node=\"5,2,0\" data-index-in-node=\"0\">Facile \u00e0 enlever :<\/b> Comme la t\u00eate d\u00e9passe de la pi\u00e8ce, vous pouvez facilement faire tomber la cale apr\u00e8s le travail ou la retirer \u00e0 l&rsquo;aide d&rsquo;un levier.<\/p>\n<\/li>\n<li>\n<p data-path-to-node=\"6,1,0\"><b data-path-to-node=\"6,1,0\" data-index-in-node=\"0\">R\u00e9utilisable :<\/b> Comme la cale conserve sa forme, elle est r\u00e9utilisable pour le travail suivant apr\u00e8s utilisation.<\/p>\n<\/li>\n<\/ol>\n<h2>Les domaines d&rsquo;application de la cale de t\u00eate :<\/h2>\n<ul>\n<li>\n<p data-path-to-node=\"7,1,0,0\"><b data-path-to-node=\"5,0,0\" data-index-in-node=\"0\">Positionnement et alignement :<\/b> Positionnement et alignement pr\u00e9cis de moteurs, de pompes, de bo\u00eetes de vitesses et d&rsquo;autres pi\u00e8ces de machines.<\/p>\n<\/li>\n<li>\n<p data-path-to-node=\"7,1,0,0\"><b data-path-to-node=\"5,1,0\" data-index-in-node=\"0\">Nivellement :<\/b> Amortir les diff\u00e9rences de hauteur ou les irr\u00e9gularit\u00e9s des fondations ou des sols afin de cr\u00e9er une base stable.<\/p>\n<\/li>\n<li>\n<p data-path-to-node=\"7,1,0,0\"><b data-path-to-node=\"5,2,0\" data-index-in-node=\"0\">Fixation :<\/b> Fixation temporaire et s\u00e9curisation de composants lourds (tels que des poutres ou des cadres en acier) au cours d&rsquo;op\u00e9rations de soudage ou d&rsquo;assemblage.<\/p>\n<\/li>\n<li>\n<p data-path-to-node=\"7,1,0,0\"><b data-path-to-node=\"5,3,0\" data-index-in-node=\"0\">S\u00e9paration et d\u00e9sassemblage :<\/b> L&rsquo;\u00e9cartement contr\u00f4l\u00e9 de brides, de bo\u00eetiers ou d&rsquo;autres joints qui sont coinc\u00e9s en raison de la rouille ou de la tension.<\/p>\n<\/li>\n<li>\n<p data-path-to-node=\"7,1,0,0\"><b data-path-to-node=\"5,4,0\" data-index-in-node=\"0\">Ajustement de la hauteur :<\/b> le levage ou la mise en place (temporaire) de charges lourdes n\u00e9cessite une cale robuste capable d&rsquo;absorber les coups.<\/p>\n<\/li>\n<\/ul>\n<h2>Acier C45 ou acier forg\u00e9 ?<\/h2>\n<p data-path-to-node=\"4\">Pour vous aider \u00e0 choisir celui qui convient le mieux \u00e0 votre application, nous proposons deux versions de haute qualit\u00e9 :<\/p>\n<ul data-path-to-node=\"5\">\n<li>\n<p data-path-to-node=\"5,0,0\"><b data-path-to-node=\"5,0,0\" data-index-in-node=\"0\"><a href=\"https:\/\/euronique.nl\/fr\/produit\/commander-des-coins-en-acier\/\">Cale de r\u00e9glage en acier C45 (sci\u00e9)<\/a>:<\/b> La norme fiable de l&rsquo;industrie. Ce type de cale est excellent pour les travaux g\u00e9n\u00e9raux d&rsquo;alignement et de r\u00e9glage dans l&rsquo;atelier ou sur le chantier. Il offre un excellent \u00e9quilibre entre le prix, la qualit\u00e9 et la fiabilit\u00e9 pour un usage quotidien.  <\/p>\n<\/li>\n<li>\n<p data-path-to-node=\"5,1,0\"><b data-path-to-node=\"5,1,0\" data-index-in-node=\"0\">Acier forg\u00e9 :<\/b> le choix pour les charges extr\u00eames. Le processus de forgeage permet de conserver la structure interne des fibres de l&rsquo;acier compl\u00e8tement intacte, ce qui garantit une t\u00e9nacit\u00e9 et une r\u00e9sistance aux chocs maximales. C&rsquo;est le meilleur choix lorsque vous travaillez avec des masses lourdes et que vous avez besoin d&rsquo;une dur\u00e9e de vie maximale du mat\u00e9riau dans des conditions extr\u00eames.  <\/p>\n<\/li>\n<\/ul>\n<h2>Pourquoi acheter chez Euronique ?<\/h2>\n<p data-path-to-node=\"9,0\">En tant que boutique en ligne sp\u00e9cialis\u00e9e, nous savons que les temps d&rsquo;arr\u00eat des machines co\u00fbtent cher. Nous fournissons aux grossistes techniques et aux utilisateurs finaux industriels : <\/p>\n<ul data-path-to-node=\"9,1\">\n<li>\n<p data-path-to-node=\"9,1,0,0\"><b data-path-to-node=\"9,1,0,0\" data-index-in-node=\"0\">Stabilit\u00e9 dimensionnelle :<\/b> nos cales sont conformes aux normes industrielles.<\/p>\n<\/li>\n<li>\n<p data-path-to-node=\"9,1,1,0\"><b data-path-to-node=\"9,1,1,0\" data-index-in-node=\"0\">Livraison rapide :<\/b> les articles en stock sont exp\u00e9di\u00e9s directement depuis notre entrep\u00f4t.<\/p>\n<\/li>\n<li>\n<p data-path-to-node=\"9,1,2,0\"><b data-path-to-node=\"9,1,2,0\" data-index-in-node=\"0\">Options en vrac :<\/b> Vous avez besoin d&rsquo;un plus grand nombre de cales de r\u00e9glage pour un projet ? Contactez-nous pour un devis sur mesure. <\/p>\n<\/li>\n<\/ul>\n","protected":false},"excerpt":{"rendered":"<p>Diff\u00e9rentes dimensions peuvent \u00eatre s\u00e9lectionn\u00e9es via le menu d\u00e9roulant ci-dessous.<\/p>\n","protected":false},"featured_media":3254,"template":"","meta":{"site-sidebar-layout":"default","site-content-layout":"default","ast-site-content-layout":"default","site-content-style":"default","site-sidebar-style":"default","ast-global-header-display":"","ast-banner-title-visibility":"","ast-main-header-display":"","ast-hfb-above-header-display":"","ast-hfb-below-header-display":"","ast-hfb-mobile-header-display":"","site-post-title":"","ast-breadcrumbs-content":"","ast-featured-img":"","footer-sml-layout":"","ast-disable-related-posts":"","theme-transparent-header-meta":"default","adv-header-id-meta":"","stick-header-meta":"","header-above-stick-meta":"","header-main-stick-meta":"","header-below-stick-meta":"","astra-migrate-meta-layouts":"default","ast-page-background-enabled":"default","ast-page-background-meta":{"desktop":{"background-color":"var(--ast-global-color-4)","background-image":"","background-repeat":"repeat","background-position":"center center","background-size":"auto","background-attachment":"scroll","background-type":"","background-media":"","overlay-type":"","overlay-color":"","overlay-opacity":"","overlay-gradient":""},"tablet":{"background-color":"","background-image":"","background-repeat":"repeat","background-position":"center center","background-size":"auto","background-attachment":"scroll","background-type":"","background-media":"","overlay-type":"","overlay-color":"","overlay-opacity":"","overlay-gradient":""},"mobile":{"background-color":"","background-image":"","background-repeat":"repeat","background-position":"center center","background-size":"auto","background-attachment":"scroll","background-type":"","background-media":"","overlay-type":"","overlay-color":"","overlay-opacity":"","overlay-gradient":""}},"ast-content-background-meta":{"desktop":{"background-color":"var(--ast-global-color-5)","background-image":"","background-repeat":"repeat","background-position":"center center","background-size":"auto","background-attachment":"scroll","background-type":"","background-media":"","overlay-type":"","overlay-color":"","overlay-opacity":"","overlay-gradient":""},"tablet":{"background-color":"var(--ast-global-color-5)","background-image":"","background-repeat":"repeat","background-position":"center center","background-size":"auto","background-attachment":"scroll","background-type":"","background-media":"","overlay-type":"","overlay-color":"","overlay-opacity":"","overlay-gradient":""},"mobile":{"background-color":"var(--ast-global-color-5)","background-image":"","background-repeat":"repeat","background-position":"center center","background-size":"auto","background-attachment":"scroll","background-type":"","background-media":"","overlay-type":"","overlay-color":"","overlay-opacity":"","overlay-gradient":""}}},"product_brand":[],"product_cat":[90],"product_tag":[92],"class_list":{"0":"post-3238","1":"product","2":"type-product","3":"status-publish","4":"has-post-thumbnail","6":"product_cat-cales","7":"product_tag-coins-a-tete","8":"product_shipping_class-poids","9":"desktop-align-left","10":"tablet-align-left","11":"mobile-align-left","13":"first","14":"instock","15":"taxable","16":"shipping-taxable","17":"purchasable","18":"product-type-variable"},"yoast_head":"<!-- This site is optimized with the Yoast SEO plugin v27.4 - https:\/\/yoast.com\/product\/yoast-seo-wordpress\/ -->\n<title>Acheter un coin avec t\u00eate de frappe | Acier forg\u00e9 | Euronique<\/title>\n<meta name=\"description\" content=\"Cale robuste, forg\u00e9e avec t\u00eate de frappe (cale de t\u00eate) pour les applications industrielles lourdes. Excellente transmission de la force et r\u00e9utilisable. Disponible directement !\" \/>\n<meta name=\"robots\" content=\"index, follow, max-snippet:-1, max-image-preview:large, max-video-preview:-1\" \/>\n<link rel=\"canonical\" href=\"https:\/\/euronique.nl\/fr\/produit\/commander-des-coins-a-tete\/\" \/>\n<meta property=\"og:locale\" content=\"fr_FR\" \/>\n<meta property=\"og:type\" content=\"article\" \/>\n<meta property=\"og:title\" content=\"Acheter un coin avec t\u00eate de frappe | Acier forg\u00e9 | Euronique\" \/>\n<meta property=\"og:description\" content=\"Cale robuste, forg\u00e9e avec t\u00eate de frappe (cale de t\u00eate) pour les applications industrielles lourdes. Excellente transmission de la force et r\u00e9utilisable. Disponible directement !\" \/>\n<meta property=\"og:url\" content=\"https:\/\/euronique.nl\/fr\/produit\/commander-des-coins-a-tete\/\" \/>\n<meta property=\"og:site_name\" content=\"Euronique\" \/>\n<meta property=\"article:modified_time\" content=\"2026-03-26T16:07:07+00:00\" \/>\n<meta property=\"og:image\" content=\"https:\/\/euronique.nl\/wp-content\/uploads\/2022\/09\/Kopspie-900x900-1.png\" \/>\n\t<meta property=\"og:image:width\" content=\"900\" \/>\n\t<meta property=\"og:image:height\" content=\"900\" \/>\n\t<meta property=\"og:image:type\" content=\"image\/png\" \/>\n<meta name=\"twitter:card\" content=\"summary_large_image\" \/>\n<meta name=\"twitter:label1\" content=\"Dur\u00e9e de lecture estim\u00e9e\" \/>\n\t<meta name=\"twitter:data1\" content=\"3 minutes\" \/>\n<script type=\"application\/ld+json\" class=\"yoast-schema-graph\">{\"@context\":\"https:\\\/\\\/schema.org\",\"@graph\":[{\"@type\":\"WebPage\",\"@id\":\"https:\\\/\\\/euronique.nl\\\/fr\\\/produit\\\/commander-des-coins-a-tete\\\/\",\"url\":\"https:\\\/\\\/euronique.nl\\\/fr\\\/produit\\\/commander-des-coins-a-tete\\\/\",\"name\":\"Acheter un coin avec t\u00eate de frappe | Acier forg\u00e9 | Euronique\",\"isPartOf\":{\"@id\":\"https:\\\/\\\/euronique.nl\\\/fr\\\/#website\"},\"primaryImageOfPage\":{\"@id\":\"https:\\\/\\\/euronique.nl\\\/fr\\\/produit\\\/commander-des-coins-a-tete\\\/#primaryimage\"},\"image\":{\"@id\":\"https:\\\/\\\/euronique.nl\\\/fr\\\/produit\\\/commander-des-coins-a-tete\\\/#primaryimage\"},\"thumbnailUrl\":\"https:\\\/\\\/euronique.nl\\\/wp-content\\\/uploads\\\/2022\\\/09\\\/Kopspie-900x900-1.png\",\"datePublished\":\"2022-09-14T14:16:16+00:00\",\"dateModified\":\"2026-03-26T16:07:07+00:00\",\"description\":\"Cale robuste, forg\u00e9e avec t\u00eate de frappe (cale de t\u00eate) pour les applications industrielles lourdes. Excellente transmission de la force et r\u00e9utilisable. Disponible directement !\",\"breadcrumb\":{\"@id\":\"https:\\\/\\\/euronique.nl\\\/fr\\\/produit\\\/commander-des-coins-a-tete\\\/#breadcrumb\"},\"inLanguage\":\"fr-FR\",\"potentialAction\":[{\"@type\":\"ReadAction\",\"target\":[\"https:\\\/\\\/euronique.nl\\\/fr\\\/produit\\\/commander-des-coins-a-tete\\\/\"]}]},{\"@type\":\"ImageObject\",\"inLanguage\":\"fr-FR\",\"@id\":\"https:\\\/\\\/euronique.nl\\\/fr\\\/produit\\\/commander-des-coins-a-tete\\\/#primaryimage\",\"url\":\"https:\\\/\\\/euronique.nl\\\/wp-content\\\/uploads\\\/2022\\\/09\\\/Kopspie-900x900-1.png\",\"contentUrl\":\"https:\\\/\\\/euronique.nl\\\/wp-content\\\/uploads\\\/2022\\\/09\\\/Kopspie-900x900-1.png\",\"width\":900,\"height\":900,\"caption\":\"t\u00eate forg\u00e9e t\u00eate de calage t\u00eate de calage de r\u00e9glage\"},{\"@type\":\"BreadcrumbList\",\"@id\":\"https:\\\/\\\/euronique.nl\\\/fr\\\/produit\\\/commander-des-coins-a-tete\\\/#breadcrumb\",\"itemListElement\":[{\"@type\":\"ListItem\",\"position\":1,\"name\":\"Accueil\",\"item\":\"https:\\\/\\\/euronique.nl\\\/fr\\\/accueil\\\/\"},{\"@type\":\"ListItem\",\"position\":2,\"name\":\"Boutique\",\"item\":\"https:\\\/\\\/euronique.nl\\\/fr\\\/boutique\\\/\"},{\"@type\":\"ListItem\",\"position\":3,\"name\":\"Cale \u00e0 t\u00eate battante\"}]},{\"@type\":\"WebSite\",\"@id\":\"https:\\\/\\\/euronique.nl\\\/fr\\\/#website\",\"url\":\"https:\\\/\\\/euronique.nl\\\/fr\\\/\",\"name\":\"Euronique\",\"description\":\"Fabrikant en verkoop spie\u00ebn, keggen en wiggen\",\"publisher\":{\"@id\":\"https:\\\/\\\/euronique.nl\\\/fr\\\/#organization\"},\"potentialAction\":[{\"@type\":\"SearchAction\",\"target\":{\"@type\":\"EntryPoint\",\"urlTemplate\":\"https:\\\/\\\/euronique.nl\\\/fr\\\/?s={search_term_string}\"},\"query-input\":{\"@type\":\"PropertyValueSpecification\",\"valueRequired\":true,\"valueName\":\"search_term_string\"}}],\"inLanguage\":\"fr-FR\"},{\"@type\":\"Organization\",\"@id\":\"https:\\\/\\\/euronique.nl\\\/fr\\\/#organization\",\"name\":\"Euronique\",\"url\":\"https:\\\/\\\/euronique.nl\\\/fr\\\/\",\"logo\":{\"@type\":\"ImageObject\",\"inLanguage\":\"fr-FR\",\"@id\":\"https:\\\/\\\/euronique.nl\\\/fr\\\/#\\\/schema\\\/logo\\\/image\\\/\",\"url\":\"https:\\\/\\\/euronique.nl\\\/wp-content\\\/uploads\\\/2022\\\/05\\\/euronique_logo-768x314-1.png\",\"contentUrl\":\"https:\\\/\\\/euronique.nl\\\/wp-content\\\/uploads\\\/2022\\\/05\\\/euronique_logo-768x314-1.png\",\"width\":768,\"height\":314,\"caption\":\"Euronique\"},\"image\":{\"@id\":\"https:\\\/\\\/euronique.nl\\\/fr\\\/#\\\/schema\\\/logo\\\/image\\\/\"}}]}<\/script>\n<!-- \/ Yoast SEO plugin. -->","yoast_head_json":{"title":"Acheter un coin avec t\u00eate de frappe | Acier forg\u00e9 | Euronique","description":"Cale robuste, forg\u00e9e avec t\u00eate de frappe (cale de t\u00eate) pour les applications industrielles lourdes. Excellente transmission de la force et r\u00e9utilisable. Disponible directement !","robots":{"index":"index","follow":"follow","max-snippet":"max-snippet:-1","max-image-preview":"max-image-preview:large","max-video-preview":"max-video-preview:-1"},"canonical":"https:\/\/euronique.nl\/fr\/produit\/commander-des-coins-a-tete\/","og_locale":"fr_FR","og_type":"article","og_title":"Acheter un coin avec t\u00eate de frappe | Acier forg\u00e9 | Euronique","og_description":"Cale robuste, forg\u00e9e avec t\u00eate de frappe (cale de t\u00eate) pour les applications industrielles lourdes. Excellente transmission de la force et r\u00e9utilisable. Disponible directement !","og_url":"https:\/\/euronique.nl\/fr\/produit\/commander-des-coins-a-tete\/","og_site_name":"Euronique","article_modified_time":"2026-03-26T16:07:07+00:00","og_image":[{"width":900,"height":900,"url":"https:\/\/euronique.nl\/wp-content\/uploads\/2022\/09\/Kopspie-900x900-1.png","type":"image\/png"}],"twitter_card":"summary_large_image","twitter_misc":{"Dur\u00e9e de lecture estim\u00e9e":"3 minutes"},"schema":{"@context":"https:\/\/schema.org","@graph":[{"@type":"WebPage","@id":"https:\/\/euronique.nl\/fr\/produit\/commander-des-coins-a-tete\/","url":"https:\/\/euronique.nl\/fr\/produit\/commander-des-coins-a-tete\/","name":"Acheter un coin avec t\u00eate de frappe | Acier forg\u00e9 | Euronique","isPartOf":{"@id":"https:\/\/euronique.nl\/fr\/#website"},"primaryImageOfPage":{"@id":"https:\/\/euronique.nl\/fr\/produit\/commander-des-coins-a-tete\/#primaryimage"},"image":{"@id":"https:\/\/euronique.nl\/fr\/produit\/commander-des-coins-a-tete\/#primaryimage"},"thumbnailUrl":"https:\/\/euronique.nl\/wp-content\/uploads\/2022\/09\/Kopspie-900x900-1.png","datePublished":"2022-09-14T14:16:16+00:00","dateModified":"2026-03-26T16:07:07+00:00","description":"Cale robuste, forg\u00e9e avec t\u00eate de frappe (cale de t\u00eate) pour les applications industrielles lourdes. Excellente transmission de la force et r\u00e9utilisable. Disponible directement !","breadcrumb":{"@id":"https:\/\/euronique.nl\/fr\/produit\/commander-des-coins-a-tete\/#breadcrumb"},"inLanguage":"fr-FR","potentialAction":[{"@type":"ReadAction","target":["https:\/\/euronique.nl\/fr\/produit\/commander-des-coins-a-tete\/"]}]},{"@type":"ImageObject","inLanguage":"fr-FR","@id":"https:\/\/euronique.nl\/fr\/produit\/commander-des-coins-a-tete\/#primaryimage","url":"https:\/\/euronique.nl\/wp-content\/uploads\/2022\/09\/Kopspie-900x900-1.png","contentUrl":"https:\/\/euronique.nl\/wp-content\/uploads\/2022\/09\/Kopspie-900x900-1.png","width":900,"height":900,"caption":"t\u00eate forg\u00e9e t\u00eate de calage t\u00eate de calage de r\u00e9glage"},{"@type":"BreadcrumbList","@id":"https:\/\/euronique.nl\/fr\/produit\/commander-des-coins-a-tete\/#breadcrumb","itemListElement":[{"@type":"ListItem","position":1,"name":"Accueil","item":"https:\/\/euronique.nl\/fr\/accueil\/"},{"@type":"ListItem","position":2,"name":"Boutique","item":"https:\/\/euronique.nl\/fr\/boutique\/"},{"@type":"ListItem","position":3,"name":"Cale \u00e0 t\u00eate battante"}]},{"@type":"WebSite","@id":"https:\/\/euronique.nl\/fr\/#website","url":"https:\/\/euronique.nl\/fr\/","name":"Euronique","description":"Fabrikant en verkoop spie\u00ebn, keggen en wiggen","publisher":{"@id":"https:\/\/euronique.nl\/fr\/#organization"},"potentialAction":[{"@type":"SearchAction","target":{"@type":"EntryPoint","urlTemplate":"https:\/\/euronique.nl\/fr\/?s={search_term_string}"},"query-input":{"@type":"PropertyValueSpecification","valueRequired":true,"valueName":"search_term_string"}}],"inLanguage":"fr-FR"},{"@type":"Organization","@id":"https:\/\/euronique.nl\/fr\/#organization","name":"Euronique","url":"https:\/\/euronique.nl\/fr\/","logo":{"@type":"ImageObject","inLanguage":"fr-FR","@id":"https:\/\/euronique.nl\/fr\/#\/schema\/logo\/image\/","url":"https:\/\/euronique.nl\/wp-content\/uploads\/2022\/05\/euronique_logo-768x314-1.png","contentUrl":"https:\/\/euronique.nl\/wp-content\/uploads\/2022\/05\/euronique_logo-768x314-1.png","width":768,"height":314,"caption":"Euronique"},"image":{"@id":"https:\/\/euronique.nl\/fr\/#\/schema\/logo\/image\/"}}]}},"_links":{"self":[{"href":"https:\/\/euronique.nl\/fr\/wp-json\/wp\/v2\/product\/3238","targetHints":{"allow":["GET"]}}],"collection":[{"href":"https:\/\/euronique.nl\/fr\/wp-json\/wp\/v2\/product"}],"about":[{"href":"https:\/\/euronique.nl\/fr\/wp-json\/wp\/v2\/types\/product"}],"wp:featuredmedia":[{"embeddable":true,"href":"https:\/\/euronique.nl\/fr\/wp-json\/wp\/v2\/media\/3254"}],"wp:attachment":[{"href":"https:\/\/euronique.nl\/fr\/wp-json\/wp\/v2\/media?parent=3238"}],"wp:term":[{"taxonomy":"product_brand","embeddable":true,"href":"https:\/\/euronique.nl\/fr\/wp-json\/wp\/v2\/product_brand?post=3238"},{"taxonomy":"product_cat","embeddable":true,"href":"https:\/\/euronique.nl\/fr\/wp-json\/wp\/v2\/product_cat?post=3238"},{"taxonomy":"product_tag","embeddable":true,"href":"https:\/\/euronique.nl\/fr\/wp-json\/wp\/v2\/product_tag?post=3238"}],"curies":[{"name":"wp","href":"https:\/\/api.w.org\/{rel}","templated":true}]}}