{"id":3323,"date":"2023-07-13T09:37:49","date_gmt":"2023-07-13T09:37:49","guid":{"rendered":"https:\/\/euronique.nl\/product\/spies-en-aluminium\/"},"modified":"2026-03-26T17:06:16","modified_gmt":"2026-03-26T16:06:16","slug":"spies-en-aluminium","status":"publish","type":"product","link":"https:\/\/euronique.nl\/fr\/produit\/spies-en-aluminium\/","title":{"rendered":"Cales en aluminium"},"content":{"rendered":"<div>\n<p><span style=\"font-size: 1.7em; font-weight: bold;\">Gamme de cales en aluminium<\/span><\/p>\n<\/div>\n<div>\n<div class=\"elementor-element elementor-element-77b09318 elementor-widget elementor-widget-jet-table\" data-id=\"77b09318\" data-element_type=\"widget\" data-widget_type=\"jet-table.default\">\n<div class=\"elementor-widget-container\">\n<div class=\"elementor-jet-table jet-elements\">\n<div class=\"jet-table-wrapper\">\n<table class=\"jet-table jet-table--fa5-compat\">\n<thead class=\"jet-table__head\">\n<tr class=\"jet-table__head-row\">\n<th class=\"jet-table__cell elementor-repeater-item-af3eadb jet-table__head-cell\" scope=\"col\">\n<div class=\"jet-table__cell-inner\">\n<div class=\"jet-table__cell-content\">\n<div class=\"jet-table__cell-text\">Longueur (mm)<\/div>\n<\/div>\n<\/div>\n<\/th>\n<th class=\"jet-table__cell elementor-repeater-item-cfe99fc jet-table__head-cell\" scope=\"col\">\n<div class=\"jet-table__cell-inner\">\n<div class=\"jet-table__cell-content\">\n<div class=\"jet-table__cell-text\">Largeur (mm)<\/div>\n<\/div>\n<\/div>\n<\/th>\n<th class=\"jet-table__cell elementor-repeater-item-83efa7c jet-table__head-cell\" scope=\"col\">\n<div class=\"jet-table__cell-inner\">\n<div class=\"jet-table__cell-content\">\n<div class=\"jet-table__cell-text\">Hauteur (mm)<\/div>\n<\/div>\n<\/div>\n<\/th>\n<th class=\"jet-table__cell elementor-repeater-item-7fd69c1 jet-table__head-cell\" scope=\"col\">\n<div class=\"jet-table__cell-inner\">\n<div class=\"jet-table__cell-content\">\n<div class=\"jet-table__cell-text\">Num\u00e9ro d&rsquo;article<\/div>\n<\/div>\n<\/div>\n<\/th>\n<\/tr>\n<\/thead>\n<tbody class=\"jet-table__body\">\n<tr class=\"jet-table__body-row elementor-repeater-item-ba94e1e\">\n<td class=\"jet-table__cell elementor-repeater-item-d91f846 jet-table__body-cell\">\n<div class=\"jet-table__cell-inner\">\n<div class=\"jet-table__cell-content\">\n<div class=\"jet-table__cell-text\">80<\/div>\n<\/div>\n<\/div>\n<\/td>\n<td class=\"jet-table__cell elementor-repeater-item-66f6317 jet-table__body-cell\">\n<div class=\"jet-table__cell-inner\">\n<div class=\"jet-table__cell-content\">\n<div class=\"jet-table__cell-text\">20<\/div>\n<\/div>\n<\/div>\n<\/td>\n<td class=\"jet-table__cell elementor-repeater-item-1737ae2 jet-table__body-cell\">\n<div class=\"jet-table__cell-inner\">\n<div class=\"jet-table__cell-content\">\n<div class=\"jet-table__cell-text\">10<\/div>\n<\/div>\n<\/div>\n<\/td>\n<td class=\"jet-table__cell elementor-repeater-item-ac620b6 jet-table__body-cell\">\n<div class=\"jet-table__cell-inner\">\n<div class=\"jet-table__cell-content\">\n<div class=\"jet-table__cell-text\">580350<\/div>\n<\/div>\n<\/div>\n<\/td>\n<\/tr>\n<tr class=\"jet-table__body-row elementor-repeater-item-e73c3d2\">\n<td class=\"jet-table__cell elementor-repeater-item-6f685a2 jet-table__body-cell\">\n<div class=\"jet-table__cell-inner\">\n<div class=\"jet-table__cell-content\">\n<div class=\"jet-table__cell-text\">100<\/div>\n<\/div>\n<\/div>\n<\/td>\n<td class=\"jet-table__cell elementor-repeater-item-14c4985 jet-table__body-cell\">\n<div class=\"jet-table__cell-inner\">\n<div class=\"jet-table__cell-content\">\n<div class=\"jet-table__cell-text\">20<\/div>\n<\/div>\n<\/div>\n<\/td>\n<td class=\"jet-table__cell elementor-repeater-item-0a89398 jet-table__body-cell\">\n<div class=\"jet-table__cell-inner\">\n<div class=\"jet-table__cell-content\">\n<div class=\"jet-table__cell-text\">10<\/div>\n<\/div>\n<\/div>\n<\/td>\n<td class=\"jet-table__cell elementor-repeater-item-0e87d4c jet-table__body-cell\">\n<div class=\"jet-table__cell-inner\">\n<div class=\"jet-table__cell-content\">\n<div class=\"jet-table__cell-text\">580375<\/div>\n<\/div>\n<\/div>\n<\/td>\n<\/tr>\n<tr class=\"jet-table__body-row elementor-repeater-item-8b44142\">\n<td class=\"jet-table__cell elementor-repeater-item-ae40fc2 jet-table__body-cell\">\n<div class=\"jet-table__cell-inner\">\n<div class=\"jet-table__cell-content\">\n<div class=\"jet-table__cell-text\">150<\/div>\n<\/div>\n<\/div>\n<\/td>\n<td class=\"jet-table__cell elementor-repeater-item-b903625 jet-table__body-cell\">\n<div class=\"jet-table__cell-inner\">\n<div class=\"jet-table__cell-content\">\n<div class=\"jet-table__cell-text\">20<\/div>\n<\/div>\n<\/div>\n<\/td>\n<td class=\"jet-table__cell elementor-repeater-item-87335e7 jet-table__body-cell\">\n<div class=\"jet-table__cell-inner\">\n<div class=\"jet-table__cell-content\">\n<div class=\"jet-table__cell-text\">13<\/div>\n<\/div>\n<\/div>\n<\/td>\n<td class=\"jet-table__cell elementor-repeater-item-17009fb jet-table__body-cell\">\n<div class=\"jet-table__cell-inner\">\n<div class=\"jet-table__cell-content\">\n<div class=\"jet-table__cell-text\">580400<\/div>\n<\/div>\n<\/div>\n<\/td>\n<\/tr>\n<tr class=\"jet-table__body-row elementor-repeater-item-32ac710\">\n<td class=\"jet-table__cell elementor-repeater-item-672ff2b jet-table__body-cell\" colspan=\"2000\">\n<div class=\"jet-table__cell-content\">\n<div class=\"jet-table__cell-text\">Autres dimensions possibles sur demande&nbsp;: <u>info@euronique.nl<\/u><\/div>\n<\/div>\n<\/td>\n<\/tr>\n<\/tbody>\n<\/table>\n<\/div>\n<\/div>\n<\/div>\n<\/div>\n<\/div>\n<div>\n<p><strong>Cales en aluminium (cales de r\u00e9glage et cales de montage)<br \/>\n<\/strong>Nos <b data-path-to-node=\"10,0\" data-index-in-node=\"5\">cales en aluminium<\/b> sont sp\u00e9cialement con\u00e7ues pour le r\u00e9glage, l&rsquo;alignement et la fixation pr\u00e9cis d&rsquo;installations industrielles et de structures lourdes. Contrairement aux cales \u00e0 ins\u00e9rer pour les connexions arbre-moyeu, ces cales de montage coniques sont con\u00e7ues pour une utilisation manuelle dans l&rsquo;ing\u00e9nierie m\u00e9canique, l&rsquo;offshore et la construction navale. Les propri\u00e9t\u00e9s de l&rsquo;aluminium en font le choix id\u00e9al pour les environnements corrosifs.  <\/p>\n<\/div>\n<div>\n<ul>\n<li>\n<p data-path-to-node=\"12,0,0\">R\u00e9sistant \u00e0 la <b data-path-to-node=\"12,0,0\" data-index-in-node=\"0\">corrosion :<\/b> r\u00e9sistant \u00e0 l&rsquo;eau sal\u00e9e et aux intemp\u00e9ries.<\/p>\n<\/li>\n<li>\n<p data-path-to-node=\"12,1,0\"><b data-path-to-node=\"12,1,0\" data-index-in-node=\"0\">Non-magn\u00e9tique :<\/b> sans danger pour les appareils \u00e9lectroniques sensibles.<\/p>\n<\/li>\n<li>\n<p data-path-to-node=\"12,2,0\"><b data-path-to-node=\"12,2,0\" data-index-in-node=\"0\">L\u00e9ger :<\/b> Manipulation ais\u00e9e lors du montage sur site.<\/p>\n<\/li>\n<li>\n<p data-path-to-node=\"12,3,0\"><b data-path-to-node=\"12,3,0\" data-index-in-node=\"0\">Stabilit\u00e9 dimensionnelle :<\/b> conicit\u00e9 exacte pour une fixation stable.<\/p>\n<\/li>\n<\/ul>\n<\/div>\n<div><\/div>\n<div>\n<p><strong>Quand choisir une cale en aluminium plut\u00f4t qu&rsquo;en acier ou en plastique ?<br \/>\n<\/strong>Lors du choix du mat\u00e9riau d&rsquo;alignement, l&rsquo;environnement de travail est d\u00e9terminant. Une <b data-path-to-node=\"14\" data-index-in-node=\"85\">cale de montage en aluminium<\/b> offre un \u00e9quilibre optimal entre la r\u00e9sistance de l&rsquo;acier et la flexibilit\u00e9 du plastique.<br \/>\nLes cales en aluminium sont fr\u00e9quemment utilis\u00e9es dans l&rsquo;<b data-path-to-node=\"15\" data-index-in-node=\"6\">alignement des machines industrielles<\/b> et dans la <b data-path-to-node=\"15\" data-index-in-node=\"44\">construction lourde en<\/b> raison de leurs propri\u00e9t\u00e9s sp\u00e9cifiques : <\/p>\n<ul data-path-to-node=\"16\">\n<li>\n<p data-path-to-node=\"16,0,0\"><b data-path-to-node=\"16,0,0\" data-index-in-node=\"0\">Durabilit\u00e9 :<\/b> Alors qu&rsquo;une <a href=\"https:\/\/euronique.nl\/fr\/produit\/commander-des-coins-en-acier\/\">cale en acier<\/a> peut se corroder et affecter l&rsquo;alignement, l&rsquo;aluminium reste stable dans des conditions humides ou marines.<\/p>\n<\/li>\n<li>\n<p data-path-to-node=\"16,1,0\"><b data-path-to-node=\"16,1,0\" data-index-in-node=\"0\">Pr\u00e9cision :<\/b> essentielle lors de l&rsquo;installation de dispositifs m\u00e9dicaux, de composants \u00e9lectriques ou dans l&rsquo;industrie de pointe o\u00f9 les champs magn\u00e9tiques jouent un r\u00f4le.<\/p>\n<\/li>\n<li>\n<p data-path-to-node=\"16,2,0\"><b data-path-to-node=\"16,2,0\" data-index-in-node=\"0\">Facilit\u00e9 de travail :<\/b> pour les monteurs qui apportent sur le chantier de grands ensembles de <b data-path-to-node=\"16,2,0\" data-index-in-node=\"47\">cales de r\u00e9glage et d&rsquo;\u00e9cartement<\/b>, le faible poids mort de l&rsquo;aluminium est un grand avantage lors de l&rsquo;assemblage.<\/p>\n<\/li>\n<\/ul>\n<\/div>\n<div><\/div>\n<div>\n<p data-path-to-node=\"20\"><b data-path-to-node=\"20\" data-index-in-node=\"0\">Pourquoi les professionnels choisissent l&rsquo;aluminium :<\/b><br \/>\nDans le secteur offshore et maritime, le choix de l&rsquo;aluminium est souvent motiv\u00e9 par des raisons techniques. Alors que les <a href=\"https:\/\/euronique.nl\/fr\/produit\/commander-des-coins-en-acier\/\">cales en acier<\/a> peuvent rouiller et donc affecter l&rsquo;alignement au fil du temps, une cale en aluminium reste stable et exempte de corrosion. En outre, ce mat\u00e9riau est amagn\u00e9tique, ce qui est crucial pour la mise en place d&rsquo;installations de traitement sp\u00e9cifiques ou d&rsquo;\u00e9quipements m\u00e9dicaux.  <\/p>\n<p data-path-to-node=\"21\"><b data-path-to-node=\"21\" data-index-in-node=\"0\">Domaines d&rsquo;application :<\/b><\/p>\n<ul data-path-to-node=\"22\">\n<li>\n<p data-path-to-node=\"22,0,0\"><b data-path-to-node=\"22,0,0\" data-index-in-node=\"0\">G\u00e9nie m\u00e9canique :<\/b> Pour niveler les parcs de machines sur une fondation.<\/p>\n<\/li>\n<li>\n<p data-path-to-node=\"22,1,0\"><b data-path-to-node=\"22,1,0\" data-index-in-node=\"0\">Construction navale :<\/b> alignement r\u00e9sistant \u00e0 la corrosion des roufs et des composants de la salle des machines.<\/p>\n<\/li>\n<li>\n<p data-path-to-node=\"22,2,0\"><b data-path-to-node=\"22,2,0\" data-index-in-node=\"0\">Gestion des brides :<\/b> comme cale d&rsquo;\u00e9cartement pour l&rsquo;ouverture contr\u00f4l\u00e9e des brides pendant les travaux d&rsquo;entretien.<\/p>\n<\/li>\n<\/ul>\n<p data-path-to-node=\"25\"><b data-path-to-node=\"25\" data-index-in-node=\"0\">Achat en gros et personnalisation<\/b><br \/>\nEn tant que sp\u00e9cialiste, Euronique livre directement \u00e0 partir de son propre stock aux grossistes techniques et aux utilisateurs finaux.<\/p>\n<ul data-path-to-node=\"26\">\n<li>\n<p data-path-to-node=\"26,0,0\"><b data-path-to-node=\"26,0,0\" data-index-in-node=\"0\">Livraison rapide : les<\/b> articles en stock sont exp\u00e9di\u00e9s imm\u00e9diatement.<\/p>\n<\/li>\n<li>\n<p data-path-to-node=\"26,1,0\"><b data-path-to-node=\"26,1,0\" data-index-in-node=\"0\">Personnalisation :<\/b> Vous recherchez un d\u00e9grad\u00e9 sp\u00e9cifique ou une taille diff\u00e9rente ? Nous produisons des cales en aluminium selon vos sp\u00e9cifications. <\/p>\n<\/li>\n<li>\n<p data-path-to-node=\"26,2,0\"><b data-path-to-node=\"26,2,0\" data-index-in-node=\"0\">Devis :<\/b> Pour des quantit\u00e9s plus importantes (en vrac), nous serons heureux de vous fournir un devis appropri\u00e9.<\/p>\n<\/li>\n<\/ul>\n<p><strong>Questions fr\u00e9quemment pos\u00e9es sur les cales industrielles (FAQ)<br \/>\n<\/strong><\/p>\n<p data-path-to-node=\"22\"><b data-path-to-node=\"22\" data-index-in-node=\"0\">Quelle est la fonction d&rsquo;une cale en aluminium dans l&rsquo;assemblage ?<\/b> <a href=\"https:\/\/nl.wikipedia.org\/wiki\/Wig_(gereedschap)\">Une<\/a> cale (\u00e9galement appel\u00e9e cale ou cale de r\u00e9glage) est un outil m\u00e9canique dont la surface est inclin\u00e9e. En enfon\u00e7ant la cale entre deux objets, une force horizontale est convertie en une \u00e9l\u00e9vation verticale tr\u00e8s pr\u00e9cise. Cela permet d&rsquo;aligner des machines au millim\u00e8tre pr\u00e8s.  <\/p>\n<p data-path-to-node=\"23\"><b data-path-to-node=\"23\" data-index-in-node=\"0\">Quelle est la diff\u00e9rence entre une cl\u00e9 et un coin ?<\/b>  Dans le langage courant, ces termes sont souvent utilis\u00e9s de mani\u00e8re interchangeable. Techniquement, une <i data-path-to-node=\"23\" data-index-in-node=\"134\">cale \u00e0 ins\u00e9rer<\/i> (DIN 6885) est destin\u00e9e \u00e0 une liaison fixe arbre-moyeu. Les produits Euronique sont des <b data-path-to-node=\"23\" data-index-in-node=\"229\">cales coniques<\/b> (\u00e9galement appel\u00e9es <b data-path-to-node=\"23\" data-index-in-node=\"261\">cales de r\u00e9glage<\/b>), destin\u00e9es \u00e0 la fixation temporaire ou permanente, \u00e0 l&rsquo;\u00e9cartement et \u00e0 l&rsquo;alignement de pi\u00e8ces d\u00e9tach\u00e9es. <\/p>\n<p data-path-to-node=\"24\"><b data-path-to-node=\"24\" data-index-in-node=\"0\">Les cales en aluminium sont-elles r\u00e9utilisables ?<\/b>  Oui, nos cales de montage en aluminium sont fabriqu\u00e9es \u00e0 partir d&rsquo;alliages de haute qualit\u00e9 qui peuvent supporter des charges de pression sans se d\u00e9former imm\u00e9diatement, ce qui leur permet d&rsquo;\u00eatre utilis\u00e9es \u00e0 plusieurs reprises lors de travaux de r\u00e9vision.<\/p>\n<\/div>\n","protected":false},"excerpt":{"rendered":"<p>Diff\u00e9rentes dimensions peuvent \u00eatre s\u00e9lectionn\u00e9es via le menu d\u00e9roulant ci-dessous.<\/p>\n","protected":false},"featured_media":3325,"template":"","meta":{"site-sidebar-layout":"default","site-content-layout":"default","ast-site-content-layout":"default","site-content-style":"default","site-sidebar-style":"default","ast-global-header-display":"","ast-banner-title-visibility":"","ast-main-header-display":"","ast-hfb-above-header-display":"","ast-hfb-below-header-display":"","ast-hfb-mobile-header-display":"","site-post-title":"","ast-breadcrumbs-content":"","ast-featured-img":"","footer-sml-layout":"","ast-disable-related-posts":"","theme-transparent-header-meta":"default","adv-header-id-meta":"","stick-header-meta":"","header-above-stick-meta":"","header-main-stick-meta":"","header-below-stick-meta":"","astra-migrate-meta-layouts":"default","ast-page-background-enabled":"default","ast-page-background-meta":{"desktop":{"background-color":"var(--ast-global-color-4)","background-image":"","background-repeat":"repeat","background-position":"center center","background-size":"auto","background-attachment":"scroll","background-type":"","background-media":"","overlay-type":"","overlay-color":"","overlay-opacity":"","overlay-gradient":""},"tablet":{"background-color":"","background-image":"","background-repeat":"repeat","background-position":"center center","background-size":"auto","background-attachment":"scroll","background-type":"","background-media":"","overlay-type":"","overlay-color":"","overlay-opacity":"","overlay-gradient":""},"mobile":{"background-color":"","background-image":"","background-repeat":"repeat","background-position":"center center","background-size":"auto","background-attachment":"scroll","background-type":"","background-media":"","overlay-type":"","overlay-color":"","overlay-opacity":"","overlay-gradient":""}},"ast-content-background-meta":{"desktop":{"background-color":"var(--ast-global-color-5)","background-image":"","background-repeat":"repeat","background-position":"center center","background-size":"auto","background-attachment":"scroll","background-type":"","background-media":"","overlay-type":"","overlay-color":"","overlay-opacity":"","overlay-gradient":""},"tablet":{"background-color":"var(--ast-global-color-5)","background-image":"","background-repeat":"repeat","background-position":"center center","background-size":"auto","background-attachment":"scroll","background-type":"","background-media":"","overlay-type":"","overlay-color":"","overlay-opacity":"","overlay-gradient":""},"mobile":{"background-color":"var(--ast-global-color-5)","background-image":"","background-repeat":"repeat","background-position":"center center","background-size":"auto","background-attachment":"scroll","background-type":"","background-media":"","overlay-type":"","overlay-color":"","overlay-opacity":"","overlay-gradient":""}}},"product_brand":[],"product_cat":[90],"product_tag":[97],"class_list":{"0":"post-3323","1":"product","2":"type-product","3":"status-publish","4":"has-post-thumbnail","6":"product_cat-cales","7":"product_tag-aluminium","8":"product_shipping_class-poids","9":"desktop-align-left","10":"tablet-align-left","11":"mobile-align-left","13":"first","14":"instock","15":"taxable","16":"shipping-taxable","17":"purchasable","18":"product-type-variable"},"yoast_head":"<!-- This site is optimized with the Yoast SEO plugin v27.4 - https:\/\/yoast.com\/product\/yoast-seo-wordpress\/ -->\n<title>Cales en aluminium et cales de r\u00e9glage pour l&#039;industrie et l&#039;assemblage<\/title>\n<meta name=\"description\" content=\"Cales en aluminium pour l&#039;industrie et l&#039;assemblage. Cales de r\u00e9glage de haute qualit\u00e9 pour un alignement pr\u00e9cis. R\u00e9sistantes \u00e0 la corrosion et en stock chez Euronique.\" \/>\n<meta name=\"robots\" content=\"index, follow, max-snippet:-1, max-image-preview:large, max-video-preview:-1\" \/>\n<link rel=\"canonical\" href=\"https:\/\/euronique.nl\/fr\/produit\/spies-en-aluminium\/\" \/>\n<meta property=\"og:locale\" content=\"fr_FR\" \/>\n<meta property=\"og:type\" content=\"article\" \/>\n<meta property=\"og:title\" content=\"Cales en aluminium et cales de r\u00e9glage pour l&#039;industrie et l&#039;assemblage\" \/>\n<meta property=\"og:description\" content=\"Cales en aluminium pour l&#039;industrie et l&#039;assemblage. Cales de r\u00e9glage de haute qualit\u00e9 pour un alignement pr\u00e9cis. R\u00e9sistantes \u00e0 la corrosion et en stock chez Euronique.\" \/>\n<meta property=\"og:url\" content=\"https:\/\/euronique.nl\/fr\/produit\/spies-en-aluminium\/\" \/>\n<meta property=\"og:site_name\" content=\"Euronique\" \/>\n<meta property=\"article:modified_time\" content=\"2026-03-26T16:06:16+00:00\" \/>\n<meta property=\"og:image\" content=\"https:\/\/euronique.nl\/wp-content\/uploads\/2023\/07\/Aluminium-spieen.png\" \/>\n\t<meta property=\"og:image:width\" content=\"900\" \/>\n\t<meta property=\"og:image:height\" content=\"900\" \/>\n\t<meta property=\"og:image:type\" content=\"image\/png\" \/>\n<meta name=\"twitter:card\" content=\"summary_large_image\" \/>\n<meta name=\"twitter:label1\" content=\"Dur\u00e9e de lecture estim\u00e9e\" \/>\n\t<meta name=\"twitter:data1\" content=\"4 minutes\" \/>\n<script type=\"application\/ld+json\" class=\"yoast-schema-graph\">{\"@context\":\"https:\\\/\\\/schema.org\",\"@graph\":[{\"@type\":\"WebPage\",\"@id\":\"https:\\\/\\\/euronique.nl\\\/fr\\\/produit\\\/spies-en-aluminium\\\/\",\"url\":\"https:\\\/\\\/euronique.nl\\\/fr\\\/produit\\\/spies-en-aluminium\\\/\",\"name\":\"Cales en aluminium et cales de r\u00e9glage pour l'industrie et l'assemblage\",\"isPartOf\":{\"@id\":\"https:\\\/\\\/euronique.nl\\\/fr\\\/#website\"},\"primaryImageOfPage\":{\"@id\":\"https:\\\/\\\/euronique.nl\\\/fr\\\/produit\\\/spies-en-aluminium\\\/#primaryimage\"},\"image\":{\"@id\":\"https:\\\/\\\/euronique.nl\\\/fr\\\/produit\\\/spies-en-aluminium\\\/#primaryimage\"},\"thumbnailUrl\":\"https:\\\/\\\/euronique.nl\\\/wp-content\\\/uploads\\\/2023\\\/07\\\/Aluminium-spieen.png\",\"datePublished\":\"2023-07-13T09:37:49+00:00\",\"dateModified\":\"2026-03-26T16:06:16+00:00\",\"description\":\"Cales en aluminium pour l'industrie et l'assemblage. Cales de r\u00e9glage de haute qualit\u00e9 pour un alignement pr\u00e9cis. R\u00e9sistantes \u00e0 la corrosion et en stock chez Euronique.\",\"breadcrumb\":{\"@id\":\"https:\\\/\\\/euronique.nl\\\/fr\\\/produit\\\/spies-en-aluminium\\\/#breadcrumb\"},\"inLanguage\":\"fr-FR\",\"potentialAction\":[{\"@type\":\"ReadAction\",\"target\":[\"https:\\\/\\\/euronique.nl\\\/fr\\\/produit\\\/spies-en-aluminium\\\/\"]}]},{\"@type\":\"ImageObject\",\"inLanguage\":\"fr-FR\",\"@id\":\"https:\\\/\\\/euronique.nl\\\/fr\\\/produit\\\/spies-en-aluminium\\\/#primaryimage\",\"url\":\"https:\\\/\\\/euronique.nl\\\/wp-content\\\/uploads\\\/2023\\\/07\\\/Aluminium-spieen.png\",\"contentUrl\":\"https:\\\/\\\/euronique.nl\\\/wp-content\\\/uploads\\\/2023\\\/07\\\/Aluminium-spieen.png\",\"width\":900,\"height\":900,\"caption\":\"Cale en aluminium Cale de r\u00e9glage\"},{\"@type\":\"BreadcrumbList\",\"@id\":\"https:\\\/\\\/euronique.nl\\\/fr\\\/produit\\\/spies-en-aluminium\\\/#breadcrumb\",\"itemListElement\":[{\"@type\":\"ListItem\",\"position\":1,\"name\":\"Accueil\",\"item\":\"https:\\\/\\\/euronique.nl\\\/fr\\\/accueil\\\/\"},{\"@type\":\"ListItem\",\"position\":2,\"name\":\"Boutique\",\"item\":\"https:\\\/\\\/euronique.nl\\\/fr\\\/boutique\\\/\"},{\"@type\":\"ListItem\",\"position\":3,\"name\":\"Cales en aluminium\"}]},{\"@type\":\"WebSite\",\"@id\":\"https:\\\/\\\/euronique.nl\\\/fr\\\/#website\",\"url\":\"https:\\\/\\\/euronique.nl\\\/fr\\\/\",\"name\":\"Euronique\",\"description\":\"Fabrikant en verkoop spie\u00ebn, keggen en wiggen\",\"publisher\":{\"@id\":\"https:\\\/\\\/euronique.nl\\\/fr\\\/#organization\"},\"potentialAction\":[{\"@type\":\"SearchAction\",\"target\":{\"@type\":\"EntryPoint\",\"urlTemplate\":\"https:\\\/\\\/euronique.nl\\\/fr\\\/?s={search_term_string}\"},\"query-input\":{\"@type\":\"PropertyValueSpecification\",\"valueRequired\":true,\"valueName\":\"search_term_string\"}}],\"inLanguage\":\"fr-FR\"},{\"@type\":\"Organization\",\"@id\":\"https:\\\/\\\/euronique.nl\\\/fr\\\/#organization\",\"name\":\"Euronique\",\"url\":\"https:\\\/\\\/euronique.nl\\\/fr\\\/\",\"logo\":{\"@type\":\"ImageObject\",\"inLanguage\":\"fr-FR\",\"@id\":\"https:\\\/\\\/euronique.nl\\\/fr\\\/#\\\/schema\\\/logo\\\/image\\\/\",\"url\":\"https:\\\/\\\/euronique.nl\\\/wp-content\\\/uploads\\\/2022\\\/05\\\/euronique_logo-768x314-1.png\",\"contentUrl\":\"https:\\\/\\\/euronique.nl\\\/wp-content\\\/uploads\\\/2022\\\/05\\\/euronique_logo-768x314-1.png\",\"width\":768,\"height\":314,\"caption\":\"Euronique\"},\"image\":{\"@id\":\"https:\\\/\\\/euronique.nl\\\/fr\\\/#\\\/schema\\\/logo\\\/image\\\/\"}}]}<\/script>\n<!-- \/ Yoast SEO plugin. -->","yoast_head_json":{"title":"Cales en aluminium et cales de r\u00e9glage pour l'industrie et l'assemblage","description":"Cales en aluminium pour l'industrie et l'assemblage. Cales de r\u00e9glage de haute qualit\u00e9 pour un alignement pr\u00e9cis. R\u00e9sistantes \u00e0 la corrosion et en stock chez Euronique.","robots":{"index":"index","follow":"follow","max-snippet":"max-snippet:-1","max-image-preview":"max-image-preview:large","max-video-preview":"max-video-preview:-1"},"canonical":"https:\/\/euronique.nl\/fr\/produit\/spies-en-aluminium\/","og_locale":"fr_FR","og_type":"article","og_title":"Cales en aluminium et cales de r\u00e9glage pour l'industrie et l'assemblage","og_description":"Cales en aluminium pour l'industrie et l'assemblage. Cales de r\u00e9glage de haute qualit\u00e9 pour un alignement pr\u00e9cis. R\u00e9sistantes \u00e0 la corrosion et en stock chez Euronique.","og_url":"https:\/\/euronique.nl\/fr\/produit\/spies-en-aluminium\/","og_site_name":"Euronique","article_modified_time":"2026-03-26T16:06:16+00:00","og_image":[{"width":900,"height":900,"url":"https:\/\/euronique.nl\/wp-content\/uploads\/2023\/07\/Aluminium-spieen.png","type":"image\/png"}],"twitter_card":"summary_large_image","twitter_misc":{"Dur\u00e9e de lecture estim\u00e9e":"4 minutes"},"schema":{"@context":"https:\/\/schema.org","@graph":[{"@type":"WebPage","@id":"https:\/\/euronique.nl\/fr\/produit\/spies-en-aluminium\/","url":"https:\/\/euronique.nl\/fr\/produit\/spies-en-aluminium\/","name":"Cales en aluminium et cales de r\u00e9glage pour l'industrie et l'assemblage","isPartOf":{"@id":"https:\/\/euronique.nl\/fr\/#website"},"primaryImageOfPage":{"@id":"https:\/\/euronique.nl\/fr\/produit\/spies-en-aluminium\/#primaryimage"},"image":{"@id":"https:\/\/euronique.nl\/fr\/produit\/spies-en-aluminium\/#primaryimage"},"thumbnailUrl":"https:\/\/euronique.nl\/wp-content\/uploads\/2023\/07\/Aluminium-spieen.png","datePublished":"2023-07-13T09:37:49+00:00","dateModified":"2026-03-26T16:06:16+00:00","description":"Cales en aluminium pour l'industrie et l'assemblage. Cales de r\u00e9glage de haute qualit\u00e9 pour un alignement pr\u00e9cis. R\u00e9sistantes \u00e0 la corrosion et en stock chez Euronique.","breadcrumb":{"@id":"https:\/\/euronique.nl\/fr\/produit\/spies-en-aluminium\/#breadcrumb"},"inLanguage":"fr-FR","potentialAction":[{"@type":"ReadAction","target":["https:\/\/euronique.nl\/fr\/produit\/spies-en-aluminium\/"]}]},{"@type":"ImageObject","inLanguage":"fr-FR","@id":"https:\/\/euronique.nl\/fr\/produit\/spies-en-aluminium\/#primaryimage","url":"https:\/\/euronique.nl\/wp-content\/uploads\/2023\/07\/Aluminium-spieen.png","contentUrl":"https:\/\/euronique.nl\/wp-content\/uploads\/2023\/07\/Aluminium-spieen.png","width":900,"height":900,"caption":"Cale en aluminium Cale de r\u00e9glage"},{"@type":"BreadcrumbList","@id":"https:\/\/euronique.nl\/fr\/produit\/spies-en-aluminium\/#breadcrumb","itemListElement":[{"@type":"ListItem","position":1,"name":"Accueil","item":"https:\/\/euronique.nl\/fr\/accueil\/"},{"@type":"ListItem","position":2,"name":"Boutique","item":"https:\/\/euronique.nl\/fr\/boutique\/"},{"@type":"ListItem","position":3,"name":"Cales en aluminium"}]},{"@type":"WebSite","@id":"https:\/\/euronique.nl\/fr\/#website","url":"https:\/\/euronique.nl\/fr\/","name":"Euronique","description":"Fabrikant en verkoop spie\u00ebn, keggen en wiggen","publisher":{"@id":"https:\/\/euronique.nl\/fr\/#organization"},"potentialAction":[{"@type":"SearchAction","target":{"@type":"EntryPoint","urlTemplate":"https:\/\/euronique.nl\/fr\/?s={search_term_string}"},"query-input":{"@type":"PropertyValueSpecification","valueRequired":true,"valueName":"search_term_string"}}],"inLanguage":"fr-FR"},{"@type":"Organization","@id":"https:\/\/euronique.nl\/fr\/#organization","name":"Euronique","url":"https:\/\/euronique.nl\/fr\/","logo":{"@type":"ImageObject","inLanguage":"fr-FR","@id":"https:\/\/euronique.nl\/fr\/#\/schema\/logo\/image\/","url":"https:\/\/euronique.nl\/wp-content\/uploads\/2022\/05\/euronique_logo-768x314-1.png","contentUrl":"https:\/\/euronique.nl\/wp-content\/uploads\/2022\/05\/euronique_logo-768x314-1.png","width":768,"height":314,"caption":"Euronique"},"image":{"@id":"https:\/\/euronique.nl\/fr\/#\/schema\/logo\/image\/"}}]}},"_links":{"self":[{"href":"https:\/\/euronique.nl\/fr\/wp-json\/wp\/v2\/product\/3323","targetHints":{"allow":["GET"]}}],"collection":[{"href":"https:\/\/euronique.nl\/fr\/wp-json\/wp\/v2\/product"}],"about":[{"href":"https:\/\/euronique.nl\/fr\/wp-json\/wp\/v2\/types\/product"}],"wp:featuredmedia":[{"embeddable":true,"href":"https:\/\/euronique.nl\/fr\/wp-json\/wp\/v2\/media\/3325"}],"wp:attachment":[{"href":"https:\/\/euronique.nl\/fr\/wp-json\/wp\/v2\/media?parent=3323"}],"wp:term":[{"taxonomy":"product_brand","embeddable":true,"href":"https:\/\/euronique.nl\/fr\/wp-json\/wp\/v2\/product_brand?post=3323"},{"taxonomy":"product_cat","embeddable":true,"href":"https:\/\/euronique.nl\/fr\/wp-json\/wp\/v2\/product_cat?post=3323"},{"taxonomy":"product_tag","embeddable":true,"href":"https:\/\/euronique.nl\/fr\/wp-json\/wp\/v2\/product_tag?post=3323"}],"curies":[{"name":"wp","href":"https:\/\/api.w.org\/{rel}","templated":true}]}}