{"id":3339,"date":"2022-09-14T14:26:24","date_gmt":"2022-09-14T14:26:24","guid":{"rendered":"https:\/\/euronique.nl\/product\/broches-en-bronze\/"},"modified":"2026-03-26T17:06:49","modified_gmt":"2026-03-26T16:06:49","slug":"broches-en-bronze","status":"publish","type":"product","link":"https:\/\/euronique.nl\/fr\/produit\/broches-en-bronze\/","title":{"rendered":"Cales en bronze"},"content":{"rendered":"<div class=\"elementor-element elementor-element-485f308 elementor-widget elementor-widget-heading\" data-id=\"485f308\" data-element_type=\"widget\" data-widget_type=\"heading.default\">\n<div class=\"elementor-widget-container\">\n<h2 class=\"elementor-heading-title elementor-size-default\">Diff\u00e9rentes tailles de cales en bronze<\/h2>\n<\/div>\n<\/div>\n<div class=\"elementor-element elementor-element-83b5c21 elementor-widget elementor-widget-jet-table\" data-id=\"83b5c21\" data-element_type=\"widget\" data-widget_type=\"jet-table.default\">\n<div class=\"elementor-widget-container\">\n<div class=\"elementor-jet-table jet-elements\">\n<div class=\"jet-table-wrapper\">\n<table class=\"jet-table jet-table--fa5-compat\">\n<thead class=\"jet-table__head\">\n<tr class=\"jet-table__head-row\">\n<th class=\"jet-table__cell elementor-repeater-item-af3eadb jet-table__head-cell\" scope=\"col\">\n<div class=\"jet-table__cell-inner\">\n<div class=\"jet-table__cell-content\">\n<div class=\"jet-table__cell-text\">Longueur (mm)<\/div>\n<\/div>\n<\/div>\n<\/th>\n<th class=\"jet-table__cell elementor-repeater-item-cfe99fc jet-table__head-cell\" scope=\"col\">\n<div class=\"jet-table__cell-inner\">\n<div class=\"jet-table__cell-content\">\n<div class=\"jet-table__cell-text\">Largeur (mm)<\/div>\n<\/div>\n<\/div>\n<\/th>\n<th class=\"jet-table__cell elementor-repeater-item-83efa7c jet-table__head-cell\" scope=\"col\">\n<div class=\"jet-table__cell-inner\">\n<div class=\"jet-table__cell-content\">\n<div class=\"jet-table__cell-text\">Hauteur (mm)<\/div>\n<\/div>\n<\/div>\n<\/th>\n<th class=\"jet-table__cell elementor-repeater-item-7fd69c1 jet-table__head-cell\" scope=\"col\">\n<div class=\"jet-table__cell-inner\">\n<div class=\"jet-table__cell-content\">\n<div class=\"jet-table__cell-text\">Num\u00e9ro d&rsquo;article<\/div>\n<\/div>\n<\/div>\n<\/th>\n<\/tr>\n<\/thead>\n<tbody class=\"jet-table__body\">\n<tr class=\"jet-table__body-row elementor-repeater-item-ba94e1e\">\n<td class=\"jet-table__cell elementor-repeater-item-d91f846 jet-table__body-cell\">\n<div class=\"jet-table__cell-inner\">\n<div class=\"jet-table__cell-content\">\n<div class=\"jet-table__cell-text\">150<\/div>\n<\/div>\n<\/div>\n<\/td>\n<td class=\"jet-table__cell elementor-repeater-item-66f6317 jet-table__body-cell\">\n<div class=\"jet-table__cell-inner\">\n<div class=\"jet-table__cell-content\">\n<div class=\"jet-table__cell-text\">25<\/div>\n<\/div>\n<\/div>\n<\/td>\n<td class=\"jet-table__cell elementor-repeater-item-1737ae2 jet-table__body-cell\">\n<div class=\"jet-table__cell-inner\">\n<div class=\"jet-table__cell-content\">\n<div class=\"jet-table__cell-text\">13<\/div>\n<\/div>\n<\/div>\n<\/td>\n<td class=\"jet-table__cell elementor-repeater-item-ac620b6 jet-table__body-cell\">\n<div class=\"jet-table__cell-inner\">\n<div class=\"jet-table__cell-content\">\n<div class=\"jet-table__cell-text\">571150<\/div>\n<\/div>\n<\/div>\n<\/td>\n<\/tr>\n<tr class=\"jet-table__body-row elementor-repeater-item-e73c3d2\">\n<td class=\"jet-table__cell elementor-repeater-item-6f685a2 jet-table__body-cell\">\n<div class=\"jet-table__cell-inner\">\n<div class=\"jet-table__cell-content\">\n<div class=\"jet-table__cell-text\">200<\/div>\n<\/div>\n<\/div>\n<\/td>\n<td class=\"jet-table__cell elementor-repeater-item-14c4985 jet-table__body-cell\">\n<div class=\"jet-table__cell-inner\">\n<div class=\"jet-table__cell-content\">\n<div class=\"jet-table__cell-text\">40<\/div>\n<\/div>\n<\/div>\n<\/td>\n<td class=\"jet-table__cell elementor-repeater-item-0a89398 jet-table__body-cell\">\n<div class=\"jet-table__cell-inner\">\n<div class=\"jet-table__cell-content\">\n<div class=\"jet-table__cell-text\">20<\/div>\n<\/div>\n<\/div>\n<\/td>\n<td class=\"jet-table__cell elementor-repeater-item-0e87d4c jet-table__body-cell\">\n<div class=\"jet-table__cell-inner\">\n<div class=\"jet-table__cell-content\">\n<div class=\"jet-table__cell-text\">571200<\/div>\n<\/div>\n<\/div>\n<\/td>\n<\/tr>\n<tr class=\"jet-table__body-row elementor-repeater-item-8b44142\">\n<td class=\"jet-table__cell elementor-repeater-item-672ff2b jet-table__body-cell\" colspan=\"2000\">\n<div class=\"jet-table__cell-content\">\n<div class=\"jet-table__cell-text\">Autres dimensions possibles sur demande&nbsp;: <u>info@euronique.nl<\/u><\/div>\n<\/div>\n<\/td>\n<\/tr>\n<\/tbody>\n<\/table>\n<\/div>\n<\/div>\n<\/div>\n<\/div>\n<p>&nbsp;<\/p>\n<h1 data-path-to-node=\"4\">Cales en bronze (Rg7) pour usage industriel<\/h1>\n<p data-path-to-node=\"5\">Lorsque la pr\u00e9cision et la s\u00e9curit\u00e9 en mati\u00e8re de maintenance et de construction sont essentielles, nos cales en bronze - fabriqu\u00e9es en <b data-path-to-node=\"5\" data-index-in-node=\"118\">Rg7 (CuSn7ZnPb)<\/b> conform\u00e9ment \u00e0 la <b data-path-to-node=\"5\" data-index-in-node=\"142\">norme DIN 1705<\/b> - constituent le choix standard. Ces cales (\u00e9galement appel\u00e9es coins) sont con\u00e7ues pour \u00e9carter des objets ou fixer des composants avec un espace d&rsquo;insertion minimal. Gr\u00e2ce \u00e0 leur pointe d&rsquo;environ 0,5 mm, elles conviennent parfaitement pour un positionnement pr\u00e9cis, l\u00e0 o\u00f9 d&rsquo;autres outils de levage ne suffisent pas.  <\/p>\n<h3 data-path-to-node=\"6\">Sp\u00e9cifications techniques : Mat\u00e9riaux et normes<\/h3>\n<ul data-path-to-node=\"7\">\n<li>\n<p data-path-to-node=\"7,0,0\"><b data-path-to-node=\"7,0,0\" data-index-in-node=\"0\">Mat\u00e9riau :<\/b> Num\u00e9ro de mat\u00e9riau de travail 2.1090 (CuSn7ZnPb \/ Rg7).<\/p>\n<\/li>\n<li>\n<p data-path-to-node=\"7,1,0\"><b data-path-to-node=\"7,1,0\" data-index-in-node=\"0\">Normalisation :<\/b> conform\u00e9ment \u00e0 la norme DIN 1705.<\/p>\n<\/li>\n<li>\n<p data-path-to-node=\"7,2,0\"><b data-path-to-node=\"7,2,0\" data-index-in-node=\"0\">Propri\u00e9t\u00e9 :<\/b> absence d&rsquo;\u00e9tincelles, r\u00e9sistance \u00e0 la corrosion et excellente r\u00e9sistance aux contraintes m\u00e9caniques.<\/p>\n<\/li>\n<li>\n<p data-path-to-node=\"7,3,0\"><b data-path-to-node=\"7,3,0\" data-index-in-node=\"0\">Application :<\/b> Id\u00e9al pour \u00e9carter les brides et aligner les machines dans les zones dangereuses.<\/p>\n<\/li>\n<\/ul>\n<h2>Pourquoi choisir les cales en bronze d&rsquo;Euronique ?<\/h2>\n<p data-path-to-node=\"9\">En tant qu&rsquo;acheteur technique ou ing\u00e9nieur de maintenance, vous recherchez la fiabilit\u00e9. Nos cales en bronze vous offrent : <\/p>\n<ul data-path-to-node=\"10\">\n<li>\n<p data-path-to-node=\"10,0,0\"><b data-path-to-node=\"10,0,0\" data-index-in-node=\"0\">S\u00e9curit\u00e9 sans \u00e9tincelles :<\/b> essentiel pour le travail dans les environnements ATEX. Le bronze emp\u00eache la formation d&rsquo;\u00e9tincelles au contact de l&rsquo;acier, \u00e9liminant ainsi les risques d&rsquo;incendie ou d&rsquo;explosion dans les atmosph\u00e8res dangereuses. <\/p>\n<\/li>\n<li>\n<p data-path-to-node=\"10,1,0\"><b data-path-to-node=\"10,1,0\" data-index-in-node=\"0\">Stabilit\u00e9 dimensionnelle \u00e9lev\u00e9e et pr\u00e9cision :<\/b> les cales sont fabriqu\u00e9es avec des tol\u00e9rances \u00e9troites, ce qui garantit un alignement pr\u00e9cis sans jeu.<\/p>\n<\/li>\n<li>\n<p data-path-to-node=\"10,2,0\"><b data-path-to-node=\"10,2,0\" data-index-in-node=\"0\">Durabilit\u00e9 :<\/b> gr\u00e2ce \u00e0 la faible friction et \u00e0 la r\u00e9sistance \u00e0 la corrosion de l&rsquo;alliage Rg7, ces cales ont une longue dur\u00e9e de vie, m\u00eame dans des conditions industrielles agressives.<\/p>\n<\/li>\n<\/ul>\n<div class=\"elementor-element elementor-element-3eee910 elementor-widget elementor-widget-heading\" data-id=\"3eee910\" data-element_type=\"widget\" data-widget_type=\"heading.default\">\n<div class=\"elementor-widget-container\">\n<h2 class=\"elementor-heading-title elementor-size-default\">Large application dans l&rsquo;industrie<\/h2>\n<\/div>\n<\/div>\n<div class=\"elementor-element elementor-element-bd633ad elementor-widget elementor-widget-text-editor\" data-id=\"bd633ad\" data-element_type=\"widget\" data-widget_type=\"text-editor.default\">\n<div class=\"elementor-widget-container\">\n<p data-path-to-node=\"12\">Nos cales sont largement utilis\u00e9es comme outils d&rsquo;assemblage de haute qualit\u00e9 dans les industries o\u00f9 la s\u00e9curit\u00e9 et la pr\u00e9cision sont primordiales :<\/p>\n<ul data-path-to-node=\"13\">\n<li>\n<p data-path-to-node=\"13,0,0\">Industrie chimique et p\u00e9trochimique<\/p>\n<\/li>\n<li>\n<p data-path-to-node=\"13,1,0\">Secteur offshore et maritime (p\u00e9troliers)<\/p>\n<\/li>\n<li>\n<p data-path-to-node=\"13,2,0\">R\u00e9servoirs de stockage et transport par citerne<\/p>\n<\/li>\n<li>\n<p data-path-to-node=\"13,3,0\">Industrie pharmaceutique<\/p>\n<\/li>\n<li>\n<p data-path-to-node=\"13,4,0\">Centrales \u00e9lectriques et nucl\u00e9aires<\/p>\n<\/li>\n<\/ul>\n<p data-path-to-node=\"14\">En raison des propri\u00e9t\u00e9s anti-\u00e9tincelles du bronze, nos cales sont fr\u00e9quemment utilis\u00e9es comme cales de brides dans l&rsquo;industrie p\u00e9trochimique. Vous recherchez plus particuli\u00e8rement une solution pour le fractionnement des raccords \u00e0 brides ? Dans ce cas, consultez notre<a href=\"https:\/\/euronique.nl\/fr\/la-cale-industrielle-pour-brides-loutil-manuel-pour-une-separation-parfaite-des-brides\/\">[page sp\u00e9ciale sur les cales de brides<\/a>] pour plus d&rsquo;informations sur cette application sp\u00e9cifique.  <\/p>\n<\/div>\n<\/div>\n<div class=\"elementor-element elementor-element-c83c18f elementor-widget elementor-widget-heading\" data-id=\"c83c18f\" data-element_type=\"widget\" data-widget_type=\"heading.default\">\n<div class=\"elementor-widget-container\">\n<h3 data-path-to-node=\"15\">Commande et livraison<\/h3>\n<p data-path-to-node=\"16\">Nous fournissons nos cales en bronze directement \u00e0 partir de notre stock, ce qui nous donne un d\u00e9lai de livraison moyen de <b data-path-to-node=\"16\" data-index-in-node=\"94\">2 \u00e0 3 jours ouvrables<\/b>.<\/p>\n<ul data-path-to-node=\"17\">\n<li>\n<p data-path-to-node=\"17,0,0\"><b data-path-to-node=\"17,0,0\" data-index-in-node=\"0\">Commande :<\/b> Vous pouvez commander directement \u00e0 partir de notre boutique en ligne.<\/p>\n<\/li>\n<li>\n<p data-path-to-node=\"17,1,0\"><b data-path-to-node=\"17,1,0\" data-index-in-node=\"0\">Devis :<\/b> Vous avez une demande sp\u00e9cifique ou une commande en gros ? Envoyez un courriel \u00e0 info@euronique.nl ; nous vous r\u00e9pondrons dans les 24 heures avec une proposition appropri\u00e9e. <\/p>\n<\/li>\n<li>\n<p data-path-to-node=\"17,2,0\"><b data-path-to-node=\"17,2,0\" data-index-in-node=\"0\">Exp\u00e9dition :<\/b> Les commandes sont exp\u00e9di\u00e9es avec soin par PostNL. D\u00e8s que votre commande quitte notre entrep\u00f4t, vous recevrez un code de suivi pour suivre l&rsquo;exp\u00e9dition. <\/p>\n<\/li>\n<\/ul>\n<p data-path-to-node=\"18\"><i data-path-to-node=\"18\" data-index-in-node=\"0\">Remarque : Bien que le bronze ne produise pas d&rsquo;\u00e9tincelles, le travail dans les environnements ATEX exige toujours le respect total des normes et r\u00e9glementations locales en mati\u00e8re de s\u00e9curit\u00e9.<\/i><\/p>\n<\/div>\n<\/div>\n","protected":false},"excerpt":{"rendered":"<p>Diff\u00e9rentes dimensions peuvent \u00eatre s\u00e9lectionn\u00e9es via le menu d\u00e9roulant ci-dessous.<\/p>\n","protected":false},"featured_media":3340,"template":"","meta":{"site-sidebar-layout":"default","site-content-layout":"default","ast-site-content-layout":"default","site-content-style":"default","site-sidebar-style":"default","ast-global-header-display":"","ast-banner-title-visibility":"","ast-main-header-display":"","ast-hfb-above-header-display":"","ast-hfb-below-header-display":"","ast-hfb-mobile-header-display":"","site-post-title":"","ast-breadcrumbs-content":"","ast-featured-img":"","footer-sml-layout":"","ast-disable-related-posts":"","theme-transparent-header-meta":"default","adv-header-id-meta":"","stick-header-meta":"","header-above-stick-meta":"","header-main-stick-meta":"","header-below-stick-meta":"","astra-migrate-meta-layouts":"default","ast-page-background-enabled":"default","ast-page-background-meta":{"desktop":{"background-color":"var(--ast-global-color-4)","background-image":"","background-repeat":"repeat","background-position":"center center","background-size":"auto","background-attachment":"scroll","background-type":"","background-media":"","overlay-type":"","overlay-color":"","overlay-opacity":"","overlay-gradient":""},"tablet":{"background-color":"","background-image":"","background-repeat":"repeat","background-position":"center center","background-size":"auto","background-attachment":"scroll","background-type":"","background-media":"","overlay-type":"","overlay-color":"","overlay-opacity":"","overlay-gradient":""},"mobile":{"background-color":"","background-image":"","background-repeat":"repeat","background-position":"center center","background-size":"auto","background-attachment":"scroll","background-type":"","background-media":"","overlay-type":"","overlay-color":"","overlay-opacity":"","overlay-gradient":""}},"ast-content-background-meta":{"desktop":{"background-color":"var(--ast-global-color-5)","background-image":"","background-repeat":"repeat","background-position":"center center","background-size":"auto","background-attachment":"scroll","background-type":"","background-media":"","overlay-type":"","overlay-color":"","overlay-opacity":"","overlay-gradient":""},"tablet":{"background-color":"var(--ast-global-color-5)","background-image":"","background-repeat":"repeat","background-position":"center center","background-size":"auto","background-attachment":"scroll","background-type":"","background-media":"","overlay-type":"","overlay-color":"","overlay-opacity":"","overlay-gradient":""},"mobile":{"background-color":"var(--ast-global-color-5)","background-image":"","background-repeat":"repeat","background-position":"center center","background-size":"auto","background-attachment":"scroll","background-type":"","background-media":"","overlay-type":"","overlay-color":"","overlay-opacity":"","overlay-gradient":""}}},"product_brand":[],"product_cat":[90],"product_tag":[100],"class_list":{"0":"post-3339","1":"product","2":"type-product","3":"status-publish","4":"has-post-thumbnail","6":"product_cat-cales","7":"product_tag-bronze","8":"product_shipping_class-poids","9":"desktop-align-left","10":"tablet-align-left","11":"mobile-align-left","13":"first","14":"instock","15":"taxable","16":"shipping-taxable","17":"purchasable","18":"product-type-variable"},"yoast_head":"<!-- This site is optimized with the Yoast SEO plugin v27.4 - https:\/\/yoast.com\/product\/yoast-seo-wordpress\/ -->\n<title>Cales en bronze (Rg7) Acheter | Anti-\u00e9tincelles &amp; Industriel | Euronique<\/title>\n<meta name=\"description\" content=\"Cales en bronze (Rg7) pour usage industriel. Sans \u00e9tincelles, r\u00e9sistantes \u00e0 l&#039;usure et parfaites pour les environnements ATEX. Disponibles directement sur stock. Commandez chez Euronique.\" \/>\n<meta name=\"robots\" content=\"index, follow, max-snippet:-1, max-image-preview:large, max-video-preview:-1\" \/>\n<link rel=\"canonical\" href=\"https:\/\/euronique.nl\/fr\/produit\/broches-en-bronze\/\" \/>\n<meta property=\"og:locale\" content=\"fr_FR\" \/>\n<meta property=\"og:type\" content=\"article\" \/>\n<meta property=\"og:title\" content=\"Cales en bronze (Rg7) Acheter | Anti-\u00e9tincelles &amp; Industriel | Euronique\" \/>\n<meta property=\"og:description\" content=\"Cales en bronze (Rg7) pour usage industriel. Sans \u00e9tincelles, r\u00e9sistantes \u00e0 l&#039;usure et parfaites pour les environnements ATEX. Disponibles directement sur stock. Commandez chez Euronique.\" \/>\n<meta property=\"og:url\" content=\"https:\/\/euronique.nl\/fr\/produit\/broches-en-bronze\/\" \/>\n<meta property=\"og:site_name\" content=\"Euronique\" \/>\n<meta property=\"article:modified_time\" content=\"2026-03-26T16:06:49+00:00\" \/>\n<meta property=\"og:image\" content=\"https:\/\/euronique.nl\/wp-content\/uploads\/2022\/09\/Vonkvrije-spie-900x900-tp.png\" \/>\n\t<meta property=\"og:image:width\" content=\"900\" \/>\n\t<meta property=\"og:image:height\" content=\"900\" \/>\n\t<meta property=\"og:image:type\" content=\"image\/png\" \/>\n<meta name=\"twitter:card\" content=\"summary_large_image\" \/>\n<meta name=\"twitter:label1\" content=\"Dur\u00e9e de lecture estim\u00e9e\" \/>\n\t<meta name=\"twitter:data1\" content=\"3 minutes\" \/>\n<script type=\"application\/ld+json\" class=\"yoast-schema-graph\">{\"@context\":\"https:\\\/\\\/schema.org\",\"@graph\":[{\"@type\":\"WebPage\",\"@id\":\"https:\\\/\\\/euronique.nl\\\/fr\\\/produit\\\/broches-en-bronze\\\/\",\"url\":\"https:\\\/\\\/euronique.nl\\\/fr\\\/produit\\\/broches-en-bronze\\\/\",\"name\":\"Cales en bronze (Rg7) Acheter | Anti-\u00e9tincelles & Industriel | Euronique\",\"isPartOf\":{\"@id\":\"https:\\\/\\\/euronique.nl\\\/fr\\\/#website\"},\"primaryImageOfPage\":{\"@id\":\"https:\\\/\\\/euronique.nl\\\/fr\\\/produit\\\/broches-en-bronze\\\/#primaryimage\"},\"image\":{\"@id\":\"https:\\\/\\\/euronique.nl\\\/fr\\\/produit\\\/broches-en-bronze\\\/#primaryimage\"},\"thumbnailUrl\":\"https:\\\/\\\/euronique.nl\\\/wp-content\\\/uploads\\\/2022\\\/09\\\/Vonkvrije-spie-900x900-tp.png\",\"datePublished\":\"2022-09-14T14:26:24+00:00\",\"dateModified\":\"2026-03-26T16:06:49+00:00\",\"description\":\"Cales en bronze (Rg7) pour usage industriel. Sans \u00e9tincelles, r\u00e9sistantes \u00e0 l'usure et parfaites pour les environnements ATEX. Disponibles directement sur stock. Commandez chez Euronique.\",\"breadcrumb\":{\"@id\":\"https:\\\/\\\/euronique.nl\\\/fr\\\/produit\\\/broches-en-bronze\\\/#breadcrumb\"},\"inLanguage\":\"fr-FR\",\"potentialAction\":[{\"@type\":\"ReadAction\",\"target\":[\"https:\\\/\\\/euronique.nl\\\/fr\\\/produit\\\/broches-en-bronze\\\/\"]}]},{\"@type\":\"ImageObject\",\"inLanguage\":\"fr-FR\",\"@id\":\"https:\\\/\\\/euronique.nl\\\/fr\\\/produit\\\/broches-en-bronze\\\/#primaryimage\",\"url\":\"https:\\\/\\\/euronique.nl\\\/wp-content\\\/uploads\\\/2022\\\/09\\\/Vonkvrije-spie-900x900-tp.png\",\"contentUrl\":\"https:\\\/\\\/euronique.nl\\\/wp-content\\\/uploads\\\/2022\\\/09\\\/Vonkvrije-spie-900x900-tp.png\",\"width\":900,\"height\":900,\"caption\":\"cale de bronze sans \u00e9tincelle cale de r\u00e9glage cale \u00e0 bride\"},{\"@type\":\"BreadcrumbList\",\"@id\":\"https:\\\/\\\/euronique.nl\\\/fr\\\/produit\\\/broches-en-bronze\\\/#breadcrumb\",\"itemListElement\":[{\"@type\":\"ListItem\",\"position\":1,\"name\":\"Accueil\",\"item\":\"https:\\\/\\\/euronique.nl\\\/fr\\\/accueil\\\/\"},{\"@type\":\"ListItem\",\"position\":2,\"name\":\"Boutique\",\"item\":\"https:\\\/\\\/euronique.nl\\\/fr\\\/boutique\\\/\"},{\"@type\":\"ListItem\",\"position\":3,\"name\":\"Cales en bronze\"}]},{\"@type\":\"WebSite\",\"@id\":\"https:\\\/\\\/euronique.nl\\\/fr\\\/#website\",\"url\":\"https:\\\/\\\/euronique.nl\\\/fr\\\/\",\"name\":\"Euronique\",\"description\":\"Fabrikant en verkoop spie\u00ebn, keggen en wiggen\",\"publisher\":{\"@id\":\"https:\\\/\\\/euronique.nl\\\/fr\\\/#organization\"},\"potentialAction\":[{\"@type\":\"SearchAction\",\"target\":{\"@type\":\"EntryPoint\",\"urlTemplate\":\"https:\\\/\\\/euronique.nl\\\/fr\\\/?s={search_term_string}\"},\"query-input\":{\"@type\":\"PropertyValueSpecification\",\"valueRequired\":true,\"valueName\":\"search_term_string\"}}],\"inLanguage\":\"fr-FR\"},{\"@type\":\"Organization\",\"@id\":\"https:\\\/\\\/euronique.nl\\\/fr\\\/#organization\",\"name\":\"Euronique\",\"url\":\"https:\\\/\\\/euronique.nl\\\/fr\\\/\",\"logo\":{\"@type\":\"ImageObject\",\"inLanguage\":\"fr-FR\",\"@id\":\"https:\\\/\\\/euronique.nl\\\/fr\\\/#\\\/schema\\\/logo\\\/image\\\/\",\"url\":\"https:\\\/\\\/euronique.nl\\\/wp-content\\\/uploads\\\/2022\\\/05\\\/euronique_logo-768x314-1.png\",\"contentUrl\":\"https:\\\/\\\/euronique.nl\\\/wp-content\\\/uploads\\\/2022\\\/05\\\/euronique_logo-768x314-1.png\",\"width\":768,\"height\":314,\"caption\":\"Euronique\"},\"image\":{\"@id\":\"https:\\\/\\\/euronique.nl\\\/fr\\\/#\\\/schema\\\/logo\\\/image\\\/\"}}]}<\/script>\n<!-- \/ Yoast SEO plugin. -->","yoast_head_json":{"title":"Cales en bronze (Rg7) Acheter | Anti-\u00e9tincelles & Industriel | Euronique","description":"Cales en bronze (Rg7) pour usage industriel. Sans \u00e9tincelles, r\u00e9sistantes \u00e0 l'usure et parfaites pour les environnements ATEX. Disponibles directement sur stock. Commandez chez Euronique.","robots":{"index":"index","follow":"follow","max-snippet":"max-snippet:-1","max-image-preview":"max-image-preview:large","max-video-preview":"max-video-preview:-1"},"canonical":"https:\/\/euronique.nl\/fr\/produit\/broches-en-bronze\/","og_locale":"fr_FR","og_type":"article","og_title":"Cales en bronze (Rg7) Acheter | Anti-\u00e9tincelles & Industriel | Euronique","og_description":"Cales en bronze (Rg7) pour usage industriel. Sans \u00e9tincelles, r\u00e9sistantes \u00e0 l'usure et parfaites pour les environnements ATEX. Disponibles directement sur stock. Commandez chez Euronique.","og_url":"https:\/\/euronique.nl\/fr\/produit\/broches-en-bronze\/","og_site_name":"Euronique","article_modified_time":"2026-03-26T16:06:49+00:00","og_image":[{"width":900,"height":900,"url":"https:\/\/euronique.nl\/wp-content\/uploads\/2022\/09\/Vonkvrije-spie-900x900-tp.png","type":"image\/png"}],"twitter_card":"summary_large_image","twitter_misc":{"Dur\u00e9e de lecture estim\u00e9e":"3 minutes"},"schema":{"@context":"https:\/\/schema.org","@graph":[{"@type":"WebPage","@id":"https:\/\/euronique.nl\/fr\/produit\/broches-en-bronze\/","url":"https:\/\/euronique.nl\/fr\/produit\/broches-en-bronze\/","name":"Cales en bronze (Rg7) Acheter | Anti-\u00e9tincelles & Industriel | Euronique","isPartOf":{"@id":"https:\/\/euronique.nl\/fr\/#website"},"primaryImageOfPage":{"@id":"https:\/\/euronique.nl\/fr\/produit\/broches-en-bronze\/#primaryimage"},"image":{"@id":"https:\/\/euronique.nl\/fr\/produit\/broches-en-bronze\/#primaryimage"},"thumbnailUrl":"https:\/\/euronique.nl\/wp-content\/uploads\/2022\/09\/Vonkvrije-spie-900x900-tp.png","datePublished":"2022-09-14T14:26:24+00:00","dateModified":"2026-03-26T16:06:49+00:00","description":"Cales en bronze (Rg7) pour usage industriel. Sans \u00e9tincelles, r\u00e9sistantes \u00e0 l'usure et parfaites pour les environnements ATEX. Disponibles directement sur stock. Commandez chez Euronique.","breadcrumb":{"@id":"https:\/\/euronique.nl\/fr\/produit\/broches-en-bronze\/#breadcrumb"},"inLanguage":"fr-FR","potentialAction":[{"@type":"ReadAction","target":["https:\/\/euronique.nl\/fr\/produit\/broches-en-bronze\/"]}]},{"@type":"ImageObject","inLanguage":"fr-FR","@id":"https:\/\/euronique.nl\/fr\/produit\/broches-en-bronze\/#primaryimage","url":"https:\/\/euronique.nl\/wp-content\/uploads\/2022\/09\/Vonkvrije-spie-900x900-tp.png","contentUrl":"https:\/\/euronique.nl\/wp-content\/uploads\/2022\/09\/Vonkvrije-spie-900x900-tp.png","width":900,"height":900,"caption":"cale de bronze sans \u00e9tincelle cale de r\u00e9glage cale \u00e0 bride"},{"@type":"BreadcrumbList","@id":"https:\/\/euronique.nl\/fr\/produit\/broches-en-bronze\/#breadcrumb","itemListElement":[{"@type":"ListItem","position":1,"name":"Accueil","item":"https:\/\/euronique.nl\/fr\/accueil\/"},{"@type":"ListItem","position":2,"name":"Boutique","item":"https:\/\/euronique.nl\/fr\/boutique\/"},{"@type":"ListItem","position":3,"name":"Cales en bronze"}]},{"@type":"WebSite","@id":"https:\/\/euronique.nl\/fr\/#website","url":"https:\/\/euronique.nl\/fr\/","name":"Euronique","description":"Fabrikant en verkoop spie\u00ebn, keggen en wiggen","publisher":{"@id":"https:\/\/euronique.nl\/fr\/#organization"},"potentialAction":[{"@type":"SearchAction","target":{"@type":"EntryPoint","urlTemplate":"https:\/\/euronique.nl\/fr\/?s={search_term_string}"},"query-input":{"@type":"PropertyValueSpecification","valueRequired":true,"valueName":"search_term_string"}}],"inLanguage":"fr-FR"},{"@type":"Organization","@id":"https:\/\/euronique.nl\/fr\/#organization","name":"Euronique","url":"https:\/\/euronique.nl\/fr\/","logo":{"@type":"ImageObject","inLanguage":"fr-FR","@id":"https:\/\/euronique.nl\/fr\/#\/schema\/logo\/image\/","url":"https:\/\/euronique.nl\/wp-content\/uploads\/2022\/05\/euronique_logo-768x314-1.png","contentUrl":"https:\/\/euronique.nl\/wp-content\/uploads\/2022\/05\/euronique_logo-768x314-1.png","width":768,"height":314,"caption":"Euronique"},"image":{"@id":"https:\/\/euronique.nl\/fr\/#\/schema\/logo\/image\/"}}]}},"_links":{"self":[{"href":"https:\/\/euronique.nl\/fr\/wp-json\/wp\/v2\/product\/3339","targetHints":{"allow":["GET"]}}],"collection":[{"href":"https:\/\/euronique.nl\/fr\/wp-json\/wp\/v2\/product"}],"about":[{"href":"https:\/\/euronique.nl\/fr\/wp-json\/wp\/v2\/types\/product"}],"wp:featuredmedia":[{"embeddable":true,"href":"https:\/\/euronique.nl\/fr\/wp-json\/wp\/v2\/media\/3340"}],"wp:attachment":[{"href":"https:\/\/euronique.nl\/fr\/wp-json\/wp\/v2\/media?parent=3339"}],"wp:term":[{"taxonomy":"product_brand","embeddable":true,"href":"https:\/\/euronique.nl\/fr\/wp-json\/wp\/v2\/product_brand?post=3339"},{"taxonomy":"product_cat","embeddable":true,"href":"https:\/\/euronique.nl\/fr\/wp-json\/wp\/v2\/product_cat?post=3339"},{"taxonomy":"product_tag","embeddable":true,"href":"https:\/\/euronique.nl\/fr\/wp-json\/wp\/v2\/product_tag?post=3339"}],"curies":[{"name":"wp","href":"https:\/\/api.w.org\/{rel}","templated":true}]}}